{"id":112,"date":"2019-10-26T07:38:17","date_gmt":"2019-10-26T07:38:17","guid":{"rendered":"https:\/\/amberteam.eu\/?page_id=112"},"modified":"2022-03-07T13:47:54","modified_gmt":"2022-03-07T13:47:54","slug":"contact","status":"publish","type":"page","link":"https:\/\/rmdr.pl\/pl\/contact\/","title":{"rendered":"Kontakt"},"content":{"rendered":"\n<div class=\"wp-block-columns has-2-columns is-layout-flex wp-container-core-columns-is-layout-9d6595d7 wp-block-columns-is-layout-flex\">\n<div class=\"wp-block-column is-layout-flow wp-block-column-is-layout-flow\">\n<h1 class=\"contact-title wp-block-heading\"><strong>Kontakt<\/strong><\/h1>\n\n\n\n<p><strong>RMD Research Sp. z o.o.<\/strong><br>ul. Z\u0142ota 61 lok. 100<br>00-819 Warszawa<\/p>\n\n\n\n<p>NIP: 527-27-07-058<br>KRS nr: 0000 487139<\/p>\n\n\n\n<p>S\u0105d Rejonowy dla m. st. Warszawy<br>XII Wydzia\u0142 Gospodarczy KRS<br>Kapita\u0142 zak\u0142adowy 9 800 PLN<\/p>\n\n\n\n<p><a href=\"mailto:biuro@rmdr.pl\">biuro@rmdr.pl<\/a><\/p>\n<\/div>\n\n\n\n<div class=\"wp-block-column is-layout-flow wp-block-column-is-layout-flow\">\n<div class=\"wpcf7 no-js\" id=\"wpcf7-f124-o1\" lang=\"en-US\" dir=\"ltr\" data-wpcf7-id=\"124\">\n<div class=\"screen-reader-response\"><p role=\"status\" aria-live=\"polite\" aria-atomic=\"true\"><\/p> <ul><\/ul><\/div>\n<form action=\"\/pl\/wp-json\/wp\/v2\/pages\/112#wpcf7-f124-o1\" method=\"post\" class=\"wpcf7-form init\" aria-label=\"Contact form\" novalidate=\"novalidate\" data-status=\"init\">\n<fieldset class=\"hidden-fields-container\"><input type=\"hidden\" name=\"_wpcf7\" value=\"124\" \/><input type=\"hidden\" name=\"_wpcf7_version\" value=\"6.1.5\" \/><input type=\"hidden\" name=\"_wpcf7_locale\" value=\"en_US\" \/><input type=\"hidden\" name=\"_wpcf7_unit_tag\" value=\"wpcf7-f124-o1\" \/><input type=\"hidden\" name=\"_wpcf7_container_post\" value=\"0\" \/><input type=\"hidden\" name=\"_wpcf7_posted_data_hash\" value=\"\" \/><input type=\"hidden\" name=\"lang\" value=\"pl\" \/><input type=\"hidden\" name=\"_wpcf7_recaptcha_response\" value=\"\" \/>\n<\/fieldset>\n<p><label> Imi\u0119 i nazwisko (*)<br \/>\n<span class=\"wpcf7-form-control-wrap\" data-name=\"your-name\"><input size=\"40\" maxlength=\"400\" class=\"wpcf7-form-control wpcf7-text wpcf7-validates-as-required\" aria-required=\"true\" aria-invalid=\"false\" value=\"\" type=\"text\" name=\"your-name\" \/><\/span> <\/label>\n<\/p>\n<p><label> Adres e-mail (*)<br \/>\n<span class=\"wpcf7-form-control-wrap\" data-name=\"your-email\"><input size=\"40\" maxlength=\"400\" class=\"wpcf7-form-control wpcf7-email wpcf7-validates-as-required wpcf7-text wpcf7-validates-as-email\" aria-required=\"true\" aria-invalid=\"false\" value=\"\" type=\"email\" name=\"your-email\" \/><\/span> <\/label>\n<\/p>\n<p><label> Numer telefonu kontaktowego (*)<br \/>\n<span class=\"wpcf7-form-control-wrap\" data-name=\"your-phone\"><input size=\"40\" maxlength=\"400\" class=\"wpcf7-form-control wpcf7-text wpcf7-validates-as-required\" aria-required=\"true\" aria-invalid=\"false\" value=\"\" type=\"text\" name=\"your-phone\" \/><\/span> <\/label>\n<\/p>\n<p><label> Wiadomo\u015b\u0107 (*)<br \/>\n<span class=\"wpcf7-form-control-wrap\" data-name=\"your-message\"><textarea cols=\"40\" rows=\"10\" maxlength=\"2000\" class=\"wpcf7-form-control wpcf7-textarea wpcf7-validates-as-required\" aria-required=\"true\" aria-invalid=\"false\" name=\"your-message\"><\/textarea><\/span> <\/label><br \/>\n<label> (*) - pole wymagane <\/label>\n<\/p>\n<p><span class=\"wpcf7-form-control-wrap\" data-name=\"acceptance-542\"><span class=\"wpcf7-form-control wpcf7-acceptance\"><span class=\"wpcf7-list-item\"><label><input type=\"checkbox\" name=\"acceptance-542\" value=\"1\" aria-invalid=\"false\" \/><span class=\"wpcf7-list-item-label\">Wyra\u017cam zgod\u0119 na przetwarzanie przez RMD Research Sp. z o.o. moich danych osobowych podanych w powy\u017cszym formularzu<\/span><\/label><\/span><\/span><\/span>\n<\/p>\n<p><input class=\"wpcf7-form-control wpcf7-submit has-spinner\" type=\"submit\" value=\"Wy\u015blij\" \/>\n<\/p><div class=\"wpcf7-response-output\" aria-hidden=\"true\"><\/div>\n<\/form>\n<\/div>\n\n<\/div>\n<\/div>\n\n\n\n<p><\/p>\n","protected":false},"excerpt":{"rendered":"<p>Kontakt RMD Research Sp. z o.o.ul. Z\u0142ota 61 lok. 10000-819 Warszawa NIP: 527-27-07-058KRS nr: 0000 487139 S\u0105d Rejonowy dla m. st. WarszawyXII Wydzia\u0142 Gospodarczy KRSKapita\u0142 zak\u0142adowy 9 800 PLN biuro@rmdr.pl<\/p>\n","protected":false},"author":8,"featured_media":0,"parent":0,"menu_order":0,"comment_status":"closed","ping_status":"closed","template":"","meta":{"footnotes":""},"class_list":["post-112","page","type-page","status-publish","hentry"],"yoast_head":"<!-- This site is optimized with the Yoast SEO plugin v26.1.1 - https:\/\/yoast.com\/wordpress\/plugins\/seo\/ -->\n<title>Kontakt<\/title>\n<meta name=\"robots\" content=\"index, follow, max-snippet:-1, max-image-preview:large, max-video-preview:-1\" \/>\n<link rel=\"canonical\" href=\"https:\/\/rmdr.pl\/pl\/contact\/\" \/>\n<meta property=\"og:locale\" content=\"pl_PL\" \/>\n<meta property=\"og:locale:alternate\" content=\"en_US\" \/>\n<meta property=\"og:type\" content=\"article\" \/>\n<meta property=\"og:title\" content=\"Kontakt\" \/>\n<meta property=\"og:description\" content=\"Kontakt RMD Research Sp. z o.o.ul. Z\u0142ota 61 lok. 10000-819 Warszawa NIP: 527-27-07-058KRS nr: 0000 487139 S\u0105d Rejonowy dla m. st. WarszawyXII Wydzia\u0142 Gospodarczy KRSKapita\u0142 zak\u0142adowy 9 800 PLN biuro@rmdr.pl\" \/>\n<meta property=\"og:url\" content=\"https:\/\/rmdr.pl\/pl\/contact\/\" \/>\n<meta property=\"og:site_name\" content=\"RMD Research\" \/>\n<meta property=\"article:modified_time\" content=\"2022-03-07T13:47:54+00:00\" \/>\n<meta name=\"twitter:card\" content=\"summary_large_image\" \/>\n<script type=\"application\/ld+json\" class=\"yoast-schema-graph\">{\"@context\":\"https:\/\/schema.org\",\"@graph\":[{\"@type\":\"WebPage\",\"@id\":\"https:\/\/rmdr.pl\/contact\/\",\"url\":\"https:\/\/rmdr.pl\/contact\/\",\"name\":\"Kontakt\",\"isPartOf\":{\"@id\":\"https:\/\/rmdr.pl\/#website\"},\"datePublished\":\"2019-10-26T07:38:17+00:00\",\"dateModified\":\"2022-03-07T13:47:54+00:00\",\"breadcrumb\":{\"@id\":\"https:\/\/rmdr.pl\/contact\/#breadcrumb\"},\"inLanguage\":\"PL\",\"potentialAction\":[{\"@type\":\"ReadAction\",\"target\":[\"https:\/\/rmdr.pl\/contact\/\"]}]},{\"@type\":\"BreadcrumbList\",\"@id\":\"https:\/\/rmdr.pl\/contact\/#breadcrumb\",\"itemListElement\":[{\"@type\":\"ListItem\",\"position\":1,\"name\":\"Home\",\"item\":\"https:\/\/rmdr.pl\/\"},{\"@type\":\"ListItem\",\"position\":2,\"name\":\"Contact\"}]},{\"@type\":\"WebSite\",\"@id\":\"https:\/\/rmdr.pl\/#website\",\"url\":\"https:\/\/rmdr.pl\/\",\"name\":\"RMD Research\",\"description\":\"Badania rynku\",\"publisher\":{\"@id\":\"https:\/\/rmdr.pl\/#organization\"},\"potentialAction\":[{\"@type\":\"SearchAction\",\"target\":{\"@type\":\"EntryPoint\",\"urlTemplate\":\"https:\/\/rmdr.pl\/?s={search_term_string}\"},\"query-input\":{\"@type\":\"PropertyValueSpecification\",\"valueRequired\":true,\"valueName\":\"search_term_string\"}}],\"inLanguage\":\"PL\"},{\"@type\":\"Organization\",\"@id\":\"https:\/\/rmdr.pl\/#organization\",\"name\":\"RMD Research\",\"url\":\"https:\/\/rmdr.pl\/\",\"logo\":{\"@type\":\"ImageObject\",\"inLanguage\":\"PL\",\"@id\":\"https:\/\/rmdr.pl\/#\/schema\/logo\/image\/\",\"url\":\"https:\/\/dacka.eu\/wp-content\/uploads\/2019\/10\/logo_full-1.jpg\",\"contentUrl\":\"https:\/\/dacka.eu\/wp-content\/uploads\/2019\/10\/logo_full-1.jpg\",\"width\":400,\"height\":200,\"caption\":\"RMD Research\"},\"image\":{\"@id\":\"https:\/\/rmdr.pl\/#\/schema\/logo\/image\/\"}}]}<\/script>\n<!-- \/ Yoast SEO plugin. -->","yoast_head_json":{"title":"Kontakt","robots":{"index":"index","follow":"follow","max-snippet":"max-snippet:-1","max-image-preview":"max-image-preview:large","max-video-preview":"max-video-preview:-1"},"canonical":"https:\/\/rmdr.pl\/pl\/contact\/","og_locale":"pl_PL","og_type":"article","og_title":"[:en]Contact[:pl]Kontakt[:] - RMD Research","og_description":"Kontakt RMD Research Sp. z o.o.ul. Z\u0142ota 61 lok. 10000-819 Warszawa NIP: 527-27-07-058KRS nr: 0000 487139 S\u0105d Rejonowy dla m. st. WarszawyXII Wydzia\u0142 Gospodarczy KRSKapita\u0142 zak\u0142adowy 9 800 PLN biuro@rmdr.pl","og_url":"https:\/\/rmdr.pl\/pl\/contact\/","og_site_name":"RMD Research","article_modified_time":"2022-03-07T13:47:54+00:00","twitter_card":"summary_large_image","schema":{"@context":"https:\/\/schema.org","@graph":[{"@type":"WebPage","@id":"https:\/\/rmdr.pl\/contact\/","url":"https:\/\/rmdr.pl\/contact\/","name":"Kontakt","isPartOf":{"@id":"https:\/\/rmdr.pl\/#website"},"datePublished":"2019-10-26T07:38:17+00:00","dateModified":"2022-03-07T13:47:54+00:00","breadcrumb":{"@id":"https:\/\/rmdr.pl\/contact\/#breadcrumb"},"inLanguage":"PL","potentialAction":[{"@type":"ReadAction","target":["https:\/\/rmdr.pl\/contact\/"]}]},{"@type":"BreadcrumbList","@id":"https:\/\/rmdr.pl\/contact\/#breadcrumb","itemListElement":[{"@type":"ListItem","position":1,"name":"Home","item":"https:\/\/rmdr.pl\/"},{"@type":"ListItem","position":2,"name":"Contact"}]},{"@type":"WebSite","@id":"https:\/\/rmdr.pl\/#website","url":"https:\/\/rmdr.pl\/","name":"RMD Research","description":"Badania rynku","publisher":{"@id":"https:\/\/rmdr.pl\/#organization"},"potentialAction":[{"@type":"SearchAction","target":{"@type":"EntryPoint","urlTemplate":"https:\/\/rmdr.pl\/?s={search_term_string}"},"query-input":{"@type":"PropertyValueSpecification","valueRequired":true,"valueName":"search_term_string"}}],"inLanguage":"PL"},{"@type":"Organization","@id":"https:\/\/rmdr.pl\/#organization","name":"RMD Research","url":"https:\/\/rmdr.pl\/","logo":{"@type":"ImageObject","inLanguage":"PL","@id":"https:\/\/rmdr.pl\/#\/schema\/logo\/image\/","url":"https:\/\/dacka.eu\/wp-content\/uploads\/2019\/10\/logo_full-1.jpg","contentUrl":"https:\/\/dacka.eu\/wp-content\/uploads\/2019\/10\/logo_full-1.jpg","width":400,"height":200,"caption":"RMD Research"},"image":{"@id":"https:\/\/rmdr.pl\/#\/schema\/logo\/image\/"}}]}},"_links":{"self":[{"href":"https:\/\/rmdr.pl\/pl\/wp-json\/wp\/v2\/pages\/112","targetHints":{"allow":["GET"]}}],"collection":[{"href":"https:\/\/rmdr.pl\/pl\/wp-json\/wp\/v2\/pages"}],"about":[{"href":"https:\/\/rmdr.pl\/pl\/wp-json\/wp\/v2\/types\/page"}],"author":[{"embeddable":true,"href":"https:\/\/rmdr.pl\/pl\/wp-json\/wp\/v2\/users\/8"}],"replies":[{"embeddable":true,"href":"https:\/\/rmdr.pl\/pl\/wp-json\/wp\/v2\/comments?post=112"}],"version-history":[{"count":23,"href":"https:\/\/rmdr.pl\/pl\/wp-json\/wp\/v2\/pages\/112\/revisions"}],"predecessor-version":[{"id":561,"href":"https:\/\/rmdr.pl\/pl\/wp-json\/wp\/v2\/pages\/112\/revisions\/561"}],"wp:attachment":[{"href":"https:\/\/rmdr.pl\/pl\/wp-json\/wp\/v2\/media?parent=112"}],"curies":[{"name":"wp","href":"https:\/\/api.w.org\/{rel}","templated":true}]}}