{"id":21,"date":"2019-10-24T21:41:25","date_gmt":"2019-10-24T21:41:25","guid":{"rendered":"https:\/\/amberteam.eu\/pl\/?page_id=21"},"modified":"2020-04-13T09:46:54","modified_gmt":"2020-04-13T09:46:54","slug":"main-page","status":"publish","type":"page","link":"https:\/\/rmdr.pl\/pl\/","title":{"rendered":"Strona G\u0142\u00f3wna"},"content":{"rendered":"\n<div class=\"wp-block-cover alignfull has-background-dim-60 has-rmdr-blue-background-color has-background-dim\" style=\"background-image:url(https:\/\/rmdr.pl\/wp-content\/uploads\/2020\/02\/main_page_3-scaled.jpg);background-position:50% 50%\"><div class=\"wp-block-cover__inner-container is-layout-flow wp-block-cover-is-layout-flow\">\n<h1 class=\"has-text-align-center wp-block-heading\">Poznaj sw\u00f3j rynek!<\/h1>\n\n\n\n<p class=\"has-text-align-center\">Na podstawie danych sprzeda\u017cowych, pomagamy pozna\u0107 i zrozumie\u0107 rynek!<\/p>\n<\/div><\/div>\n\n\n\n<div class=\"wp-block-columns has-2-columns is-layout-flex wp-container-core-columns-is-layout-9d6595d7 wp-block-columns-is-layout-flex\">\n<div class=\"wp-block-column is-layout-flow wp-block-column-is-layout-flow\">\n<h2 class=\"wp-block-heading\">RMD Research<\/h2>\n\n\n\n<p>Serdecznie witamy na stronach <strong>RMD Research<\/strong>, niezale\u017cnej firmy badawczej dzia\u0142aj\u0105cej w bran\u017cy bada\u0144 rynkowych w Polsce &nbsp;od 2013 roku. Firma zosta\u0142a za\u0142o\u017cona przez osoby maj\u0105ce d\u0142ugoletnie do\u015bwiadczenie w badaniach rynkowych, w szczeg\u00f3lno\u015bci &#8211; badaniach handlu detalicznego opartych na panelu sklep\u00f3w \u2013 Retail Tracking. Wi\u0119kszo\u015b\u0107 z nich wsp\u00f3\u0142tworzy\u0142a i pracowa\u0142a przez kilkana\u015bcie lat w firmie MEMRB, przyczyniaj\u0105c si\u0119 w ogromnej mierze do sukcesu rynkowego tej firmy, jej dynamicznego rozwoju oraz zdobycia i utrwalenia przez ni\u0105 pozycji drugiej, co do wielko\u015bci, agencji badawczej w Polsce, prowadz\u0105cej kompleksowe badania typu Retail Tracking w Polsce.<\/p>\n\n\n\n<p>Odwo\u0142uj\u0105c si\u0119 do\ndziedzictwa firmy MEMRB, stworzyli\u015bmy i rozwijamy firm\u0119 korzystaj\u0105c\u0105&nbsp; z do\u015bwiadczenia przesz\u0142o\u015bci, a jednocze\u015bnie firm\u0119\nnowoczesn\u0105 i innowacyjn\u0105, id\u0105c\u0105 z duchem czasu, odpowiadaj\u0105c\u0105 na rosn\u0105ce\nwymagania wsp\u00f3\u0142czesno\u015bci. <\/p>\n<\/div>\n\n\n\n<div class=\"wp-block-column is-layout-flow wp-block-column-is-layout-flow\">\n<figure class=\"wp-block-image alignwide\"><img loading=\"lazy\" decoding=\"async\" width=\"400\" height=\"200\" src=\"https:\/\/rmdr.pl\/wp-content\/uploads\/2019\/10\/logo_full-1.jpg\" alt=\"\" class=\"wp-image-12\" srcset=\"https:\/\/rmdr.pl\/wp-content\/uploads\/2019\/10\/logo_full-1.jpg 400w, https:\/\/rmdr.pl\/wp-content\/uploads\/2019\/10\/logo_full-1-300x150.jpg 300w\" sizes=\"auto, (max-width: 400px) 100vw, 400px\" \/><\/figure>\n<\/div>\n<\/div>\n","protected":false},"excerpt":{"rendered":"<p>RMD Research Serdecznie witamy na stronach RMD Research, niezale\u017cnej firmy badawczej dzia\u0142aj\u0105cej w bran\u017cy bada\u0144 rynkowych w Polsce &nbsp;od 2013 roku. Firma zosta\u0142a za\u0142o\u017cona przez osoby maj\u0105ce d\u0142ugoletnie do\u015bwiadczenie w badaniach rynkowych, w szczeg\u00f3lno\u015bci &#8211; badaniach handlu detalicznego opartych na panelu sklep\u00f3w \u2013 Retail Tracking. Wi\u0119kszo\u015b\u0107 z nich wsp\u00f3\u0142tworzy\u0142a i pracowa\u0142a przez kilkana\u015bcie lat w [&hellip;]<\/p>\n","protected":false},"author":8,"featured_media":0,"parent":0,"menu_order":0,"comment_status":"closed","ping_status":"closed","template":"","meta":{"footnotes":""},"class_list":["post-21","page","type-page","status-publish","hentry"],"yoast_head":"<!-- This site is optimized with the Yoast SEO plugin v26.1.1 - https:\/\/yoast.com\/wordpress\/plugins\/seo\/ -->\n<title>Strona G\u0142\u00f3wna<\/title>\n<meta name=\"robots\" content=\"index, follow, max-snippet:-1, max-image-preview:large, max-video-preview:-1\" \/>\n<link rel=\"canonical\" href=\"https:\/\/rmdr.pl\/pl\/\" \/>\n<meta property=\"og:locale\" content=\"pl_PL\" \/>\n<meta property=\"og:locale:alternate\" content=\"en_US\" \/>\n<meta property=\"og:type\" content=\"article\" \/>\n<meta property=\"og:title\" content=\"Strona G\u0142\u00f3wna\" \/>\n<meta property=\"og:description\" content=\"RMD Research Serdecznie witamy na stronach RMD Research, niezale\u017cnej firmy badawczej dzia\u0142aj\u0105cej w bran\u017cy bada\u0144 rynkowych w Polsce &nbsp;od 2013 roku. Firma zosta\u0142a za\u0142o\u017cona przez osoby maj\u0105ce d\u0142ugoletnie do\u015bwiadczenie w badaniach rynkowych, w szczeg\u00f3lno\u015bci &#8211; badaniach handlu detalicznego opartych na panelu sklep\u00f3w \u2013 Retail Tracking. Wi\u0119kszo\u015b\u0107 z nich wsp\u00f3\u0142tworzy\u0142a i pracowa\u0142a przez kilkana\u015bcie lat w [&hellip;]\" \/>\n<meta property=\"og:url\" content=\"https:\/\/rmdr.pl\/pl\/\" \/>\n<meta property=\"og:site_name\" content=\"RMD Research\" \/>\n<meta property=\"article:modified_time\" content=\"2020-04-13T09:46:54+00:00\" \/>\n<meta property=\"og:image\" content=\"https:\/\/rmdr.pl\/wp-content\/uploads\/2019\/10\/logo_full-1.jpg\" \/>\n<meta name=\"twitter:card\" content=\"summary_large_image\" \/>\n<meta name=\"twitter:label1\" content=\"Szacowany czas czytania\" \/>\n\t<meta name=\"twitter:data1\" content=\"2 minuty\" \/>\n<script type=\"application\/ld+json\" class=\"yoast-schema-graph\">{\"@context\":\"https:\/\/schema.org\",\"@graph\":[{\"@type\":\"WebPage\",\"@id\":\"https:\/\/rmdr.pl\/\",\"url\":\"https:\/\/rmdr.pl\/\",\"name\":\"Strona G\u0142\u00f3wna\",\"isPartOf\":{\"@id\":\"https:\/\/rmdr.pl\/#website\"},\"primaryImageOfPage\":{\"@id\":\"https:\/\/rmdr.pl\/#primaryimage\"},\"image\":{\"@id\":\"https:\/\/rmdr.pl\/#primaryimage\"},\"thumbnailUrl\":\"https:\/\/rmdr.pl\/wp-content\/uploads\/2019\/10\/logo_full-1.jpg\",\"datePublished\":\"2019-10-24T21:41:25+00:00\",\"dateModified\":\"2020-04-13T09:46:54+00:00\",\"breadcrumb\":{\"@id\":\"https:\/\/rmdr.pl\/#breadcrumb\"},\"inLanguage\":\"PL\",\"potentialAction\":[{\"@type\":\"ReadAction\",\"target\":[\"https:\/\/rmdr.pl\/\"]}]},{\"@type\":\"ImageObject\",\"inLanguage\":\"PL\",\"@id\":\"https:\/\/rmdr.pl\/#primaryimage\",\"url\":\"https:\/\/rmdr.pl\/wp-content\/uploads\/2019\/10\/logo_full-1.jpg\",\"contentUrl\":\"https:\/\/rmdr.pl\/wp-content\/uploads\/2019\/10\/logo_full-1.jpg\"},{\"@type\":\"BreadcrumbList\",\"@id\":\"https:\/\/rmdr.pl\/#breadcrumb\",\"itemListElement\":[{\"@type\":\"ListItem\",\"position\":1,\"name\":\"Home\",\"item\":\"https:\/\/rmdr.pl\/\"},{\"@type\":\"ListItem\",\"position\":2,\"name\":\"Home Page\"}]},{\"@type\":\"WebSite\",\"@id\":\"https:\/\/rmdr.pl\/#website\",\"url\":\"https:\/\/rmdr.pl\/\",\"name\":\"RMD Research\",\"description\":\"Badania rynku\",\"publisher\":{\"@id\":\"https:\/\/rmdr.pl\/#organization\"},\"potentialAction\":[{\"@type\":\"SearchAction\",\"target\":{\"@type\":\"EntryPoint\",\"urlTemplate\":\"https:\/\/rmdr.pl\/?s={search_term_string}\"},\"query-input\":{\"@type\":\"PropertyValueSpecification\",\"valueRequired\":true,\"valueName\":\"search_term_string\"}}],\"inLanguage\":\"PL\"},{\"@type\":\"Organization\",\"@id\":\"https:\/\/rmdr.pl\/#organization\",\"name\":\"RMD Research\",\"url\":\"https:\/\/rmdr.pl\/\",\"logo\":{\"@type\":\"ImageObject\",\"inLanguage\":\"PL\",\"@id\":\"https:\/\/rmdr.pl\/#\/schema\/logo\/image\/\",\"url\":\"https:\/\/dacka.eu\/wp-content\/uploads\/2019\/10\/logo_full-1.jpg\",\"contentUrl\":\"https:\/\/dacka.eu\/wp-content\/uploads\/2019\/10\/logo_full-1.jpg\",\"width\":400,\"height\":200,\"caption\":\"RMD Research\"},\"image\":{\"@id\":\"https:\/\/rmdr.pl\/#\/schema\/logo\/image\/\"}}]}<\/script>\n<!-- \/ Yoast SEO plugin. -->","yoast_head_json":{"title":"Strona G\u0142\u00f3wna","robots":{"index":"index","follow":"follow","max-snippet":"max-snippet:-1","max-image-preview":"max-image-preview:large","max-video-preview":"max-video-preview:-1"},"canonical":"https:\/\/rmdr.pl\/pl\/","og_locale":"pl_PL","og_type":"article","og_title":"[:en]Home Page[:pl]Strona G\u0142\u00f3wna[:] - RMD Research","og_description":"RMD Research Serdecznie witamy na stronach RMD Research, niezale\u017cnej firmy badawczej dzia\u0142aj\u0105cej w bran\u017cy bada\u0144 rynkowych w Polsce &nbsp;od 2013 roku. Firma zosta\u0142a za\u0142o\u017cona przez osoby maj\u0105ce d\u0142ugoletnie do\u015bwiadczenie w badaniach rynkowych, w szczeg\u00f3lno\u015bci &#8211; badaniach handlu detalicznego opartych na panelu sklep\u00f3w \u2013 Retail Tracking. Wi\u0119kszo\u015b\u0107 z nich wsp\u00f3\u0142tworzy\u0142a i pracowa\u0142a przez kilkana\u015bcie lat w [&hellip;]","og_url":"https:\/\/rmdr.pl\/pl\/","og_site_name":"RMD Research","article_modified_time":"2020-04-13T09:46:54+00:00","og_image":[{"url":"https:\/\/rmdr.pl\/wp-content\/uploads\/2019\/10\/logo_full-1.jpg","type":"","width":"","height":""}],"twitter_card":"summary_large_image","twitter_misc":{"Szacowany czas czytania":"2 minuty"},"schema":{"@context":"https:\/\/schema.org","@graph":[{"@type":"WebPage","@id":"https:\/\/rmdr.pl\/","url":"https:\/\/rmdr.pl\/","name":"Strona G\u0142\u00f3wna","isPartOf":{"@id":"https:\/\/rmdr.pl\/#website"},"primaryImageOfPage":{"@id":"https:\/\/rmdr.pl\/#primaryimage"},"image":{"@id":"https:\/\/rmdr.pl\/#primaryimage"},"thumbnailUrl":"https:\/\/rmdr.pl\/wp-content\/uploads\/2019\/10\/logo_full-1.jpg","datePublished":"2019-10-24T21:41:25+00:00","dateModified":"2020-04-13T09:46:54+00:00","breadcrumb":{"@id":"https:\/\/rmdr.pl\/#breadcrumb"},"inLanguage":"PL","potentialAction":[{"@type":"ReadAction","target":["https:\/\/rmdr.pl\/"]}]},{"@type":"ImageObject","inLanguage":"PL","@id":"https:\/\/rmdr.pl\/#primaryimage","url":"https:\/\/rmdr.pl\/wp-content\/uploads\/2019\/10\/logo_full-1.jpg","contentUrl":"https:\/\/rmdr.pl\/wp-content\/uploads\/2019\/10\/logo_full-1.jpg"},{"@type":"BreadcrumbList","@id":"https:\/\/rmdr.pl\/#breadcrumb","itemListElement":[{"@type":"ListItem","position":1,"name":"Home","item":"https:\/\/rmdr.pl\/"},{"@type":"ListItem","position":2,"name":"Home Page"}]},{"@type":"WebSite","@id":"https:\/\/rmdr.pl\/#website","url":"https:\/\/rmdr.pl\/","name":"RMD Research","description":"Badania rynku","publisher":{"@id":"https:\/\/rmdr.pl\/#organization"},"potentialAction":[{"@type":"SearchAction","target":{"@type":"EntryPoint","urlTemplate":"https:\/\/rmdr.pl\/?s={search_term_string}"},"query-input":{"@type":"PropertyValueSpecification","valueRequired":true,"valueName":"search_term_string"}}],"inLanguage":"PL"},{"@type":"Organization","@id":"https:\/\/rmdr.pl\/#organization","name":"RMD Research","url":"https:\/\/rmdr.pl\/","logo":{"@type":"ImageObject","inLanguage":"PL","@id":"https:\/\/rmdr.pl\/#\/schema\/logo\/image\/","url":"https:\/\/dacka.eu\/wp-content\/uploads\/2019\/10\/logo_full-1.jpg","contentUrl":"https:\/\/dacka.eu\/wp-content\/uploads\/2019\/10\/logo_full-1.jpg","width":400,"height":200,"caption":"RMD Research"},"image":{"@id":"https:\/\/rmdr.pl\/#\/schema\/logo\/image\/"}}]}},"_links":{"self":[{"href":"https:\/\/rmdr.pl\/pl\/wp-json\/wp\/v2\/pages\/21","targetHints":{"allow":["GET"]}}],"collection":[{"href":"https:\/\/rmdr.pl\/pl\/wp-json\/wp\/v2\/pages"}],"about":[{"href":"https:\/\/rmdr.pl\/pl\/wp-json\/wp\/v2\/types\/page"}],"author":[{"embeddable":true,"href":"https:\/\/rmdr.pl\/pl\/wp-json\/wp\/v2\/users\/8"}],"replies":[{"embeddable":true,"href":"https:\/\/rmdr.pl\/pl\/wp-json\/wp\/v2\/comments?post=21"}],"version-history":[{"count":37,"href":"https:\/\/rmdr.pl\/pl\/wp-json\/wp\/v2\/pages\/21\/revisions"}],"predecessor-version":[{"id":620,"href":"https:\/\/rmdr.pl\/pl\/wp-json\/wp\/v2\/pages\/21\/revisions\/620"}],"wp:attachment":[{"href":"https:\/\/rmdr.pl\/pl\/wp-json\/wp\/v2\/media?parent=21"}],"curies":[{"name":"wp","href":"https:\/\/api.w.org\/{rel}","templated":true}]}}