{"id":258,"date":"2019-12-14T09:42:20","date_gmt":"2019-12-14T09:42:20","guid":{"rendered":"https:\/\/amberteam.eu\/pl\/?page_id=258"},"modified":"2020-03-31T10:30:25","modified_gmt":"2020-03-31T10:30:25","slug":"retail-tracking","status":"publish","type":"page","link":"https:\/\/rmdr.pl\/pl\/retail-tracking\/","title":{"rendered":"Retail Tracking"},"content":{"rendered":"\n<div class=\"wp-block-cover alignfull has-rmdr-blue-background-color has-background-dim\" style=\"background-image:url(https:\/\/rmdr.pl\/wp-content\/uploads\/2019\/11\/luke-chesser-JKUTrJ4vK00-unsplash-e1573998256404.jpg)\"><div class=\"wp-block-cover__inner-container is-layout-flow wp-block-cover-is-layout-flow\">\n<h1 class=\"has-text-align-center wp-block-heading\">Retail Tracking<\/h1>\n<\/div><\/div>\n\n\n\n<p>Dzia\u0142alno\u015b\u0107\nfirmy <strong>RMD Research<\/strong> to przede\nwszystkim szeroko rozumiane badania Retail Tracking \u2013 monitorowanie i analiza\nsprzeda\u017cy handlu detalicznego.<\/p>\n\n\n\n<p>Obecnie\nbadania te prowadzone s\u0105 na panelu sklep\u00f3w, obejmuj\u0105cym zar\u00f3wno sklepy stacjonarne\n\u2013 sieci wielkopowierzchniowe, sklepy specjalistyczne, jak i tzw. e-commerce,\nczyli handel prowadzony on-line przez sklepy internetowe. <\/p>\n\n\n\n<p>W\nprzysz\u0142o\u015bci planowane jest stopniowe poszerzanie panelu sklep\u00f3w o inne kana\u0142y\nsprzeda\u017cy detalicznej takie, jak apteki, saloniki prasowe czy niezale\u017cne sklepy\nspo\u017cywczo-przemys\u0142owe.<\/p>\n\n\n\n<p>Nowatorskim\npodej\u015bciem\/pomys\u0142em firmy <strong>RMD Research<\/strong>\njest integracja danych sprzeda\u017cowych z platformy aukcyjnej allegro.pl z\npozosta\u0142ymi danymi pozyskiwanymi z regularnych sieci sprzeda\u017cowych<\/p>\n\n\n\n<p>W\nrezultacie tych bada\u0144, prowadzonych w regularnych odst\u0119pach czasu \u2013 okresy\nmiesi\u0119czne, tygodniowe &#8211; pozyskiwane s\u0105 elektroniczne dane sprzeda\u017cowe na\npoziomie kodu EAN, pokazuj\u0105ce sprzeda\u017c, udzia\u0142y rynkowe, \u015brednie ceny oraz\ndystrybucj\u0119 produkt\u00f3w w badanych typach sklep\u00f3w. <\/p>\n\n\n\n<p>Wyniki tych bada\u0144, daj\u0105ce szczeg\u00f3\u0142ow\u0105 informacj\u0105 o rynku detalicznym, sta\u0142y si\u0119&nbsp; obecnie niezb\u0119dnym narz\u0119dziem pracy dzia\u0142\u00f3w sprzeda\u017cy czy marketingu&nbsp; producent\u00f3w i dystrybutor\u00f3w dzia\u0142aj\u0105cych na rynku.<\/p>\n\n\n\n<p><a href=\"\/pl\/contact\/\">Zapraszamy do kontaktu!<\/a><\/p>\n","protected":false},"excerpt":{"rendered":"<p>Dzia\u0142alno\u015b\u0107 firmy RMD Research to przede wszystkim szeroko rozumiane badania Retail Tracking \u2013 monitorowanie i analiza sprzeda\u017cy handlu detalicznego. Obecnie badania te prowadzone s\u0105 na panelu sklep\u00f3w, obejmuj\u0105cym zar\u00f3wno sklepy stacjonarne \u2013 sieci wielkopowierzchniowe, sklepy specjalistyczne, jak i tzw. e-commerce, czyli handel prowadzony on-line przez sklepy internetowe. W przysz\u0142o\u015bci planowane jest stopniowe poszerzanie panelu sklep\u00f3w [&hellip;]<\/p>\n","protected":false},"author":8,"featured_media":0,"parent":0,"menu_order":0,"comment_status":"closed","ping_status":"closed","template":"","meta":{"footnotes":""},"class_list":["post-258","page","type-page","status-publish","hentry"],"yoast_head":"<!-- This site is optimized with the Yoast SEO plugin v26.1.1 - https:\/\/yoast.com\/wordpress\/plugins\/seo\/ -->\n<title>Retail Tracking<\/title>\n<meta name=\"robots\" content=\"index, follow, max-snippet:-1, max-image-preview:large, max-video-preview:-1\" \/>\n<link rel=\"canonical\" href=\"https:\/\/rmdr.pl\/pl\/retail-tracking\/\" \/>\n<meta property=\"og:locale\" content=\"pl_PL\" \/>\n<meta property=\"og:locale:alternate\" content=\"en_US\" \/>\n<meta property=\"og:type\" content=\"article\" \/>\n<meta property=\"og:title\" content=\"Retail Tracking\" \/>\n<meta property=\"og:description\" content=\"Dzia\u0142alno\u015b\u0107 firmy RMD Research to przede wszystkim szeroko rozumiane badania Retail Tracking \u2013 monitorowanie i analiza sprzeda\u017cy handlu detalicznego. Obecnie badania te prowadzone s\u0105 na panelu sklep\u00f3w, obejmuj\u0105cym zar\u00f3wno sklepy stacjonarne \u2013 sieci wielkopowierzchniowe, sklepy specjalistyczne, jak i tzw. e-commerce, czyli handel prowadzony on-line przez sklepy internetowe. W przysz\u0142o\u015bci planowane jest stopniowe poszerzanie panelu sklep\u00f3w [&hellip;]\" \/>\n<meta property=\"og:url\" content=\"https:\/\/rmdr.pl\/pl\/retail-tracking\/\" \/>\n<meta property=\"og:site_name\" content=\"RMD Research\" \/>\n<meta property=\"article:modified_time\" content=\"2020-03-31T10:30:25+00:00\" \/>\n<meta name=\"twitter:card\" content=\"summary_large_image\" \/>\n<meta name=\"twitter:label1\" content=\"Szacowany czas czytania\" \/>\n\t<meta name=\"twitter:data1\" content=\"2 minuty\" \/>\n<script type=\"application\/ld+json\" class=\"yoast-schema-graph\">{\"@context\":\"https:\/\/schema.org\",\"@graph\":[{\"@type\":\"WebPage\",\"@id\":\"https:\/\/rmdr.pl\/retail-tracking\/\",\"url\":\"https:\/\/rmdr.pl\/retail-tracking\/\",\"name\":\"Retail Tracking\",\"isPartOf\":{\"@id\":\"https:\/\/rmdr.pl\/#website\"},\"datePublished\":\"2019-12-14T09:42:20+00:00\",\"dateModified\":\"2020-03-31T10:30:25+00:00\",\"breadcrumb\":{\"@id\":\"https:\/\/rmdr.pl\/retail-tracking\/#breadcrumb\"},\"inLanguage\":\"PL\",\"potentialAction\":[{\"@type\":\"ReadAction\",\"target\":[\"https:\/\/rmdr.pl\/retail-tracking\/\"]}]},{\"@type\":\"BreadcrumbList\",\"@id\":\"https:\/\/rmdr.pl\/retail-tracking\/#breadcrumb\",\"itemListElement\":[{\"@type\":\"ListItem\",\"position\":1,\"name\":\"Home\",\"item\":\"https:\/\/rmdr.pl\/\"},{\"@type\":\"ListItem\",\"position\":2,\"name\":\"Retail Tracking\"}]},{\"@type\":\"WebSite\",\"@id\":\"https:\/\/rmdr.pl\/#website\",\"url\":\"https:\/\/rmdr.pl\/\",\"name\":\"RMD Research\",\"description\":\"Badania rynku\",\"publisher\":{\"@id\":\"https:\/\/rmdr.pl\/#organization\"},\"potentialAction\":[{\"@type\":\"SearchAction\",\"target\":{\"@type\":\"EntryPoint\",\"urlTemplate\":\"https:\/\/rmdr.pl\/?s={search_term_string}\"},\"query-input\":{\"@type\":\"PropertyValueSpecification\",\"valueRequired\":true,\"valueName\":\"search_term_string\"}}],\"inLanguage\":\"PL\"},{\"@type\":\"Organization\",\"@id\":\"https:\/\/rmdr.pl\/#organization\",\"name\":\"RMD Research\",\"url\":\"https:\/\/rmdr.pl\/\",\"logo\":{\"@type\":\"ImageObject\",\"inLanguage\":\"PL\",\"@id\":\"https:\/\/rmdr.pl\/#\/schema\/logo\/image\/\",\"url\":\"https:\/\/dacka.eu\/wp-content\/uploads\/2019\/10\/logo_full-1.jpg\",\"contentUrl\":\"https:\/\/dacka.eu\/wp-content\/uploads\/2019\/10\/logo_full-1.jpg\",\"width\":400,\"height\":200,\"caption\":\"RMD Research\"},\"image\":{\"@id\":\"https:\/\/rmdr.pl\/#\/schema\/logo\/image\/\"}}]}<\/script>\n<!-- \/ Yoast SEO plugin. -->","yoast_head_json":{"title":"Retail Tracking","robots":{"index":"index","follow":"follow","max-snippet":"max-snippet:-1","max-image-preview":"max-image-preview:large","max-video-preview":"max-video-preview:-1"},"canonical":"https:\/\/rmdr.pl\/pl\/retail-tracking\/","og_locale":"pl_PL","og_type":"article","og_title":"[:en]Retail Tracking[:pl]Retail Tracking[:] - RMD Research","og_description":"Dzia\u0142alno\u015b\u0107 firmy RMD Research to przede wszystkim szeroko rozumiane badania Retail Tracking \u2013 monitorowanie i analiza sprzeda\u017cy handlu detalicznego. Obecnie badania te prowadzone s\u0105 na panelu sklep\u00f3w, obejmuj\u0105cym zar\u00f3wno sklepy stacjonarne \u2013 sieci wielkopowierzchniowe, sklepy specjalistyczne, jak i tzw. e-commerce, czyli handel prowadzony on-line przez sklepy internetowe. W przysz\u0142o\u015bci planowane jest stopniowe poszerzanie panelu sklep\u00f3w [&hellip;]","og_url":"https:\/\/rmdr.pl\/pl\/retail-tracking\/","og_site_name":"RMD Research","article_modified_time":"2020-03-31T10:30:25+00:00","twitter_card":"summary_large_image","twitter_misc":{"Szacowany czas czytania":"2 minuty"},"schema":{"@context":"https:\/\/schema.org","@graph":[{"@type":"WebPage","@id":"https:\/\/rmdr.pl\/retail-tracking\/","url":"https:\/\/rmdr.pl\/retail-tracking\/","name":"Retail Tracking","isPartOf":{"@id":"https:\/\/rmdr.pl\/#website"},"datePublished":"2019-12-14T09:42:20+00:00","dateModified":"2020-03-31T10:30:25+00:00","breadcrumb":{"@id":"https:\/\/rmdr.pl\/retail-tracking\/#breadcrumb"},"inLanguage":"PL","potentialAction":[{"@type":"ReadAction","target":["https:\/\/rmdr.pl\/retail-tracking\/"]}]},{"@type":"BreadcrumbList","@id":"https:\/\/rmdr.pl\/retail-tracking\/#breadcrumb","itemListElement":[{"@type":"ListItem","position":1,"name":"Home","item":"https:\/\/rmdr.pl\/"},{"@type":"ListItem","position":2,"name":"Retail Tracking"}]},{"@type":"WebSite","@id":"https:\/\/rmdr.pl\/#website","url":"https:\/\/rmdr.pl\/","name":"RMD Research","description":"Badania rynku","publisher":{"@id":"https:\/\/rmdr.pl\/#organization"},"potentialAction":[{"@type":"SearchAction","target":{"@type":"EntryPoint","urlTemplate":"https:\/\/rmdr.pl\/?s={search_term_string}"},"query-input":{"@type":"PropertyValueSpecification","valueRequired":true,"valueName":"search_term_string"}}],"inLanguage":"PL"},{"@type":"Organization","@id":"https:\/\/rmdr.pl\/#organization","name":"RMD Research","url":"https:\/\/rmdr.pl\/","logo":{"@type":"ImageObject","inLanguage":"PL","@id":"https:\/\/rmdr.pl\/#\/schema\/logo\/image\/","url":"https:\/\/dacka.eu\/wp-content\/uploads\/2019\/10\/logo_full-1.jpg","contentUrl":"https:\/\/dacka.eu\/wp-content\/uploads\/2019\/10\/logo_full-1.jpg","width":400,"height":200,"caption":"RMD Research"},"image":{"@id":"https:\/\/rmdr.pl\/#\/schema\/logo\/image\/"}}]}},"_links":{"self":[{"href":"https:\/\/rmdr.pl\/pl\/wp-json\/wp\/v2\/pages\/258","targetHints":{"allow":["GET"]}}],"collection":[{"href":"https:\/\/rmdr.pl\/pl\/wp-json\/wp\/v2\/pages"}],"about":[{"href":"https:\/\/rmdr.pl\/pl\/wp-json\/wp\/v2\/types\/page"}],"author":[{"embeddable":true,"href":"https:\/\/rmdr.pl\/pl\/wp-json\/wp\/v2\/users\/8"}],"replies":[{"embeddable":true,"href":"https:\/\/rmdr.pl\/pl\/wp-json\/wp\/v2\/comments?post=258"}],"version-history":[{"count":7,"href":"https:\/\/rmdr.pl\/pl\/wp-json\/wp\/v2\/pages\/258\/revisions"}],"predecessor-version":[{"id":477,"href":"https:\/\/rmdr.pl\/pl\/wp-json\/wp\/v2\/pages\/258\/revisions\/477"}],"wp:attachment":[{"href":"https:\/\/rmdr.pl\/pl\/wp-json\/wp\/v2\/media?parent=258"}],"curies":[{"name":"wp","href":"https:\/\/api.w.org\/{rel}","templated":true}]}}