{"id":264,"date":"2019-12-14T09:49:21","date_gmt":"2019-12-14T09:49:21","guid":{"rendered":"https:\/\/amberteam.eu\/pl\/?page_id=264"},"modified":"2020-03-30T09:55:12","modified_gmt":"2020-03-30T09:55:12","slug":"assortment-optimization","status":"publish","type":"page","link":"https:\/\/rmdr.pl\/pl\/analyses\/assortment-optimization\/","title":{"rendered":"Optymalizacja Asortymentu"},"content":{"rendered":"\n<div class=\"wp-block-cover alignfull has-rmdr-blue-background-color has-background-dim\" style=\"background-image:url(https:\/\/rmdr.pl\/wp-content\/uploads\/2020\/02\/optymalizacja-scaled.jpg);background-position:50% 75%\"><div class=\"wp-block-cover__inner-container is-layout-flow wp-block-cover-is-layout-flow\">\n<h1 class=\"has-text-align-center wp-block-heading\">Optymalizacja Asortymentu<\/h1>\n<\/div><\/div>\n\n\n\n<p>Analiza Optymalizacji Asortymentu to narz\u0119dzie pozwalaj\u0105ce okre\u015bli\u0107 optymalny (w perspektywie zysk\u00f3w\/koszt\u00f3w) asortyment produkt\u00f3w\/SKU na p\u00f3\u0142ce sklepowej. <\/p>\n\n\n\n<p>Po wi\u0119cej informacji na temat us\u0142ugi, <a href=\"https:\/\/rmdr.pl\/pl\/contact\/\">zapraszamy do kontaktu!<\/a><\/p>\n","protected":false},"excerpt":{"rendered":"<p>Analiza Optymalizacji Asortymentu to narz\u0119dzie pozwalaj\u0105ce okre\u015bli\u0107 optymalny (w perspektywie zysk\u00f3w\/koszt\u00f3w) asortyment produkt\u00f3w\/SKU na p\u00f3\u0142ce sklepowej. Po wi\u0119cej informacji na temat us\u0142ugi, zapraszamy do kontaktu!<\/p>\n","protected":false},"author":8,"featured_media":0,"parent":59,"menu_order":0,"comment_status":"closed","ping_status":"closed","template":"","meta":{"footnotes":""},"class_list":["post-264","page","type-page","status-publish","hentry"],"yoast_head":"<!-- This site is optimized with the Yoast SEO plugin v26.1.1 - https:\/\/yoast.com\/wordpress\/plugins\/seo\/ -->\n<title>Optymalizacja Asortymentu<\/title>\n<meta name=\"robots\" content=\"index, follow, max-snippet:-1, max-image-preview:large, max-video-preview:-1\" \/>\n<link rel=\"canonical\" href=\"https:\/\/rmdr.pl\/pl\/analyses\/assortment-optimization\/\" \/>\n<meta property=\"og:locale\" content=\"pl_PL\" \/>\n<meta property=\"og:locale:alternate\" content=\"en_US\" \/>\n<meta property=\"og:type\" content=\"article\" \/>\n<meta property=\"og:title\" content=\"Optymalizacja Asortymentu\" \/>\n<meta property=\"og:description\" content=\"Analiza Optymalizacji Asortymentu to narz\u0119dzie pozwalaj\u0105ce okre\u015bli\u0107 optymalny (w perspektywie zysk\u00f3w\/koszt\u00f3w) asortyment produkt\u00f3w\/SKU na p\u00f3\u0142ce sklepowej. Po wi\u0119cej informacji na temat us\u0142ugi, zapraszamy do kontaktu!\" \/>\n<meta property=\"og:url\" content=\"https:\/\/rmdr.pl\/pl\/analyses\/assortment-optimization\/\" \/>\n<meta property=\"og:site_name\" content=\"RMD Research\" \/>\n<meta property=\"article:modified_time\" content=\"2020-03-30T09:55:12+00:00\" \/>\n<meta name=\"twitter:card\" content=\"summary_large_image\" \/>\n<script type=\"application\/ld+json\" class=\"yoast-schema-graph\">{\"@context\":\"https:\/\/schema.org\",\"@graph\":[{\"@type\":\"WebPage\",\"@id\":\"https:\/\/rmdr.pl\/pl\/analyses\/assortment-optimization\/\",\"url\":\"https:\/\/rmdr.pl\/pl\/analyses\/assortment-optimization\/\",\"name\":\"Optymalizacja Asortymentu\",\"isPartOf\":{\"@id\":\"https:\/\/rmdr.pl\/#website\"},\"datePublished\":\"2019-12-14T09:49:21+00:00\",\"dateModified\":\"2020-03-30T09:55:12+00:00\",\"breadcrumb\":{\"@id\":\"https:\/\/rmdr.pl\/pl\/analyses\/assortment-optimization\/#breadcrumb\"},\"inLanguage\":\"PL\",\"potentialAction\":[{\"@type\":\"ReadAction\",\"target\":[\"https:\/\/rmdr.pl\/pl\/analyses\/assortment-optimization\/\"]}]},{\"@type\":\"BreadcrumbList\",\"@id\":\"https:\/\/rmdr.pl\/pl\/analyses\/assortment-optimization\/#breadcrumb\",\"itemListElement\":[{\"@type\":\"ListItem\",\"position\":1,\"name\":\"Home\",\"item\":\"https:\/\/rmdr.pl\/\"},{\"@type\":\"ListItem\",\"position\":2,\"name\":\"Special Analyses\",\"item\":\"https:\/\/rmdr.pl\/analyses\/\"},{\"@type\":\"ListItem\",\"position\":3,\"name\":\"Optymalizacja Asortymentu\"}]},{\"@type\":\"WebSite\",\"@id\":\"https:\/\/rmdr.pl\/#website\",\"url\":\"https:\/\/rmdr.pl\/\",\"name\":\"RMD Research\",\"description\":\"Badania rynku\",\"publisher\":{\"@id\":\"https:\/\/rmdr.pl\/#organization\"},\"potentialAction\":[{\"@type\":\"SearchAction\",\"target\":{\"@type\":\"EntryPoint\",\"urlTemplate\":\"https:\/\/rmdr.pl\/?s={search_term_string}\"},\"query-input\":{\"@type\":\"PropertyValueSpecification\",\"valueRequired\":true,\"valueName\":\"search_term_string\"}}],\"inLanguage\":\"PL\"},{\"@type\":\"Organization\",\"@id\":\"https:\/\/rmdr.pl\/#organization\",\"name\":\"RMD Research\",\"url\":\"https:\/\/rmdr.pl\/\",\"logo\":{\"@type\":\"ImageObject\",\"inLanguage\":\"PL\",\"@id\":\"https:\/\/rmdr.pl\/#\/schema\/logo\/image\/\",\"url\":\"https:\/\/dacka.eu\/wp-content\/uploads\/2019\/10\/logo_full-1.jpg\",\"contentUrl\":\"https:\/\/dacka.eu\/wp-content\/uploads\/2019\/10\/logo_full-1.jpg\",\"width\":400,\"height\":200,\"caption\":\"RMD Research\"},\"image\":{\"@id\":\"https:\/\/rmdr.pl\/#\/schema\/logo\/image\/\"}}]}<\/script>\n<!-- \/ Yoast SEO plugin. -->","yoast_head_json":{"title":"Optymalizacja Asortymentu","robots":{"index":"index","follow":"follow","max-snippet":"max-snippet:-1","max-image-preview":"max-image-preview:large","max-video-preview":"max-video-preview:-1"},"canonical":"https:\/\/rmdr.pl\/pl\/analyses\/assortment-optimization\/","og_locale":"pl_PL","og_type":"article","og_title":"[:en]Assortment Optimization Analysis[:pl]Optymalizacja Asortymentu[:] - RMD Research","og_description":"Analiza Optymalizacji Asortymentu to narz\u0119dzie pozwalaj\u0105ce okre\u015bli\u0107 optymalny (w perspektywie zysk\u00f3w\/koszt\u00f3w) asortyment produkt\u00f3w\/SKU na p\u00f3\u0142ce sklepowej. Po wi\u0119cej informacji na temat us\u0142ugi, zapraszamy do kontaktu!","og_url":"https:\/\/rmdr.pl\/pl\/analyses\/assortment-optimization\/","og_site_name":"RMD Research","article_modified_time":"2020-03-30T09:55:12+00:00","twitter_card":"summary_large_image","schema":{"@context":"https:\/\/schema.org","@graph":[{"@type":"WebPage","@id":"https:\/\/rmdr.pl\/pl\/analyses\/assortment-optimization\/","url":"https:\/\/rmdr.pl\/pl\/analyses\/assortment-optimization\/","name":"Optymalizacja Asortymentu","isPartOf":{"@id":"https:\/\/rmdr.pl\/#website"},"datePublished":"2019-12-14T09:49:21+00:00","dateModified":"2020-03-30T09:55:12+00:00","breadcrumb":{"@id":"https:\/\/rmdr.pl\/pl\/analyses\/assortment-optimization\/#breadcrumb"},"inLanguage":"PL","potentialAction":[{"@type":"ReadAction","target":["https:\/\/rmdr.pl\/pl\/analyses\/assortment-optimization\/"]}]},{"@type":"BreadcrumbList","@id":"https:\/\/rmdr.pl\/pl\/analyses\/assortment-optimization\/#breadcrumb","itemListElement":[{"@type":"ListItem","position":1,"name":"Home","item":"https:\/\/rmdr.pl\/"},{"@type":"ListItem","position":2,"name":"Special Analyses","item":"https:\/\/rmdr.pl\/analyses\/"},{"@type":"ListItem","position":3,"name":"Optymalizacja Asortymentu"}]},{"@type":"WebSite","@id":"https:\/\/rmdr.pl\/#website","url":"https:\/\/rmdr.pl\/","name":"RMD Research","description":"Badania rynku","publisher":{"@id":"https:\/\/rmdr.pl\/#organization"},"potentialAction":[{"@type":"SearchAction","target":{"@type":"EntryPoint","urlTemplate":"https:\/\/rmdr.pl\/?s={search_term_string}"},"query-input":{"@type":"PropertyValueSpecification","valueRequired":true,"valueName":"search_term_string"}}],"inLanguage":"PL"},{"@type":"Organization","@id":"https:\/\/rmdr.pl\/#organization","name":"RMD Research","url":"https:\/\/rmdr.pl\/","logo":{"@type":"ImageObject","inLanguage":"PL","@id":"https:\/\/rmdr.pl\/#\/schema\/logo\/image\/","url":"https:\/\/dacka.eu\/wp-content\/uploads\/2019\/10\/logo_full-1.jpg","contentUrl":"https:\/\/dacka.eu\/wp-content\/uploads\/2019\/10\/logo_full-1.jpg","width":400,"height":200,"caption":"RMD Research"},"image":{"@id":"https:\/\/rmdr.pl\/#\/schema\/logo\/image\/"}}]}},"_links":{"self":[{"href":"https:\/\/rmdr.pl\/pl\/wp-json\/wp\/v2\/pages\/264","targetHints":{"allow":["GET"]}}],"collection":[{"href":"https:\/\/rmdr.pl\/pl\/wp-json\/wp\/v2\/pages"}],"about":[{"href":"https:\/\/rmdr.pl\/pl\/wp-json\/wp\/v2\/types\/page"}],"author":[{"embeddable":true,"href":"https:\/\/rmdr.pl\/pl\/wp-json\/wp\/v2\/users\/8"}],"replies":[{"embeddable":true,"href":"https:\/\/rmdr.pl\/pl\/wp-json\/wp\/v2\/comments?post=264"}],"version-history":[{"count":10,"href":"https:\/\/rmdr.pl\/pl\/wp-json\/wp\/v2\/pages\/264\/revisions"}],"predecessor-version":[{"id":408,"href":"https:\/\/rmdr.pl\/pl\/wp-json\/wp\/v2\/pages\/264\/revisions\/408"}],"up":[{"embeddable":true,"href":"https:\/\/rmdr.pl\/pl\/wp-json\/wp\/v2\/pages\/59"}],"wp:attachment":[{"href":"https:\/\/rmdr.pl\/pl\/wp-json\/wp\/v2\/media?parent=264"}],"curies":[{"name":"wp","href":"https:\/\/api.w.org\/{rel}","templated":true}]}}