{"id":53,"date":"2019-10-24T22:31:49","date_gmt":"2019-10-24T22:31:49","guid":{"rendered":"https:\/\/amberteam.eu\/?page_id=53"},"modified":"2020-04-13T09:59:48","modified_gmt":"2020-04-13T09:59:48","slug":"research","status":"publish","type":"page","link":"https:\/\/rmdr.pl\/pl\/research\/","title":{"rendered":"Obszary Bada\u0144"},"content":{"rendered":"\n<div class=\"wp-block-cover alignfull has-rmdr-blue-background-color has-background-dim\" style=\"background-image:url(https:\/\/rmdr.pl\/wp-content\/uploads\/2019\/11\/vanessa-bucceri-gDiRwIYAMA8-unsplash-e1573998289785.jpg);background-position:50% 25%\"><div class=\"wp-block-cover__inner-container is-layout-flow wp-block-cover-is-layout-flow\">\n<h1 class=\"has-text-align-center wp-block-heading\">Obszary Bada\u0144<\/h1>\n<\/div><\/div>\n\n\n\n<p>Obecnie g\u0142\u00f3wnym obszarem badawczym firmy <strong>RMD Research<\/strong> jest rynek Zabawek w Polsce. Jest to szeroka kategoria obejmuj\u0105ca takie segmenty, jak Klocki, Gry i Puzzle, Pojazdy, Zabawki dla Maluch\u00f3w 0-5lat, Lalki i Pluszaki czy Zabawki Edukacyjne i Sportowe czy Kreatywne. W ramach tej kategorii dysponujemy danymi bie\u017c\u0105cymi oraz danymi wstecznymi od pocz\u0105tku 2017 roku. <\/p>\n\n\n\n<p>Odbiorcami\nnaszych danych s\u0105 przede wszystkim dystrybutorzy \/ sieci handlowe\/ producenci\nZabawek. Dane dostarczane s\u0105 w postaci regularnych, comiesi\u0119cznych raport\u00f3w,\nstandardowych b\u0105d\u017a dostosowanych do potrzeb i wymaga\u0144 Klienta \u2013 odbiorcy\ndanych.<\/p>\n\n\n\n<p>Szczeg\u00f3\u0142owa segmentacja rynku oraz struktura panelu sklep\u00f3w, a tak\u017ce wz\u00f3r standardowego raportu &#8211; <a href=\"https:\/\/rmdr.pl\/pl\/contact\/\">dost\u0119pne na \u017cyczenie! <\/a><\/p>\n","protected":false},"excerpt":{"rendered":"<p>Obecnie g\u0142\u00f3wnym obszarem badawczym firmy RMD Research jest rynek Zabawek w Polsce. Jest to szeroka kategoria obejmuj\u0105ca takie segmenty, jak Klocki, Gry i Puzzle, Pojazdy, Zabawki dla Maluch\u00f3w 0-5lat, Lalki i Pluszaki czy Zabawki Edukacyjne i Sportowe czy Kreatywne. W ramach tej kategorii dysponujemy danymi bie\u017c\u0105cymi oraz danymi wstecznymi od pocz\u0105tku 2017 roku. Odbiorcami naszych [&hellip;]<\/p>\n","protected":false},"author":8,"featured_media":0,"parent":0,"menu_order":0,"comment_status":"closed","ping_status":"closed","template":"","meta":{"footnotes":""},"class_list":["post-53","page","type-page","status-publish","hentry"],"yoast_head":"<!-- This site is optimized with the Yoast SEO plugin v26.1.1 - https:\/\/yoast.com\/wordpress\/plugins\/seo\/ -->\n<title>Obszary Bada\u0144<\/title>\n<meta name=\"robots\" content=\"index, follow, max-snippet:-1, max-image-preview:large, max-video-preview:-1\" \/>\n<link rel=\"canonical\" href=\"https:\/\/rmdr.pl\/pl\/research\/\" \/>\n<meta property=\"og:locale\" content=\"pl_PL\" \/>\n<meta property=\"og:locale:alternate\" content=\"en_US\" \/>\n<meta property=\"og:type\" content=\"article\" \/>\n<meta property=\"og:title\" content=\"Obszary Bada\u0144\" \/>\n<meta property=\"og:description\" content=\"Obecnie g\u0142\u00f3wnym obszarem badawczym firmy RMD Research jest rynek Zabawek w Polsce. Jest to szeroka kategoria obejmuj\u0105ca takie segmenty, jak Klocki, Gry i Puzzle, Pojazdy, Zabawki dla Maluch\u00f3w 0-5lat, Lalki i Pluszaki czy Zabawki Edukacyjne i Sportowe czy Kreatywne. W ramach tej kategorii dysponujemy danymi bie\u017c\u0105cymi oraz danymi wstecznymi od pocz\u0105tku 2017 roku. Odbiorcami naszych [&hellip;]\" \/>\n<meta property=\"og:url\" content=\"https:\/\/rmdr.pl\/pl\/research\/\" \/>\n<meta property=\"og:site_name\" content=\"RMD Research\" \/>\n<meta property=\"article:modified_time\" content=\"2020-04-13T09:59:48+00:00\" \/>\n<meta name=\"twitter:card\" content=\"summary_large_image\" \/>\n<meta name=\"twitter:label1\" content=\"Szacowany czas czytania\" \/>\n\t<meta name=\"twitter:data1\" content=\"1 minuta\" \/>\n<script type=\"application\/ld+json\" class=\"yoast-schema-graph\">{\"@context\":\"https:\/\/schema.org\",\"@graph\":[{\"@type\":\"WebPage\",\"@id\":\"https:\/\/rmdr.pl\/pl\/research\/\",\"url\":\"https:\/\/rmdr.pl\/pl\/research\/\",\"name\":\"Obszary Bada\u0144\",\"isPartOf\":{\"@id\":\"https:\/\/rmdr.pl\/#website\"},\"datePublished\":\"2019-10-24T22:31:49+00:00\",\"dateModified\":\"2020-04-13T09:59:48+00:00\",\"breadcrumb\":{\"@id\":\"https:\/\/rmdr.pl\/pl\/research\/#breadcrumb\"},\"inLanguage\":\"PL\",\"potentialAction\":[{\"@type\":\"ReadAction\",\"target\":[\"https:\/\/rmdr.pl\/pl\/research\/\"]}]},{\"@type\":\"BreadcrumbList\",\"@id\":\"https:\/\/rmdr.pl\/pl\/research\/#breadcrumb\",\"itemListElement\":[{\"@type\":\"ListItem\",\"position\":1,\"name\":\"Home\",\"item\":\"https:\/\/rmdr.pl\/\"},{\"@type\":\"ListItem\",\"position\":2,\"name\":\"Obszary Bada\u0144\"}]},{\"@type\":\"WebSite\",\"@id\":\"https:\/\/rmdr.pl\/#website\",\"url\":\"https:\/\/rmdr.pl\/\",\"name\":\"RMD Research\",\"description\":\"Badania rynku\",\"publisher\":{\"@id\":\"https:\/\/rmdr.pl\/#organization\"},\"potentialAction\":[{\"@type\":\"SearchAction\",\"target\":{\"@type\":\"EntryPoint\",\"urlTemplate\":\"https:\/\/rmdr.pl\/?s={search_term_string}\"},\"query-input\":{\"@type\":\"PropertyValueSpecification\",\"valueRequired\":true,\"valueName\":\"search_term_string\"}}],\"inLanguage\":\"PL\"},{\"@type\":\"Organization\",\"@id\":\"https:\/\/rmdr.pl\/#organization\",\"name\":\"RMD Research\",\"url\":\"https:\/\/rmdr.pl\/\",\"logo\":{\"@type\":\"ImageObject\",\"inLanguage\":\"PL\",\"@id\":\"https:\/\/rmdr.pl\/#\/schema\/logo\/image\/\",\"url\":\"https:\/\/dacka.eu\/wp-content\/uploads\/2019\/10\/logo_full-1.jpg\",\"contentUrl\":\"https:\/\/dacka.eu\/wp-content\/uploads\/2019\/10\/logo_full-1.jpg\",\"width\":400,\"height\":200,\"caption\":\"RMD Research\"},\"image\":{\"@id\":\"https:\/\/rmdr.pl\/#\/schema\/logo\/image\/\"}}]}<\/script>\n<!-- \/ Yoast SEO plugin. -->","yoast_head_json":{"title":"Obszary Bada\u0144","robots":{"index":"index","follow":"follow","max-snippet":"max-snippet:-1","max-image-preview":"max-image-preview:large","max-video-preview":"max-video-preview:-1"},"canonical":"https:\/\/rmdr.pl\/pl\/research\/","og_locale":"pl_PL","og_type":"article","og_title":"[:en]Research Area[:pl]Obszary Bada\u0144[:] - RMD Research","og_description":"Obecnie g\u0142\u00f3wnym obszarem badawczym firmy RMD Research jest rynek Zabawek w Polsce. Jest to szeroka kategoria obejmuj\u0105ca takie segmenty, jak Klocki, Gry i Puzzle, Pojazdy, Zabawki dla Maluch\u00f3w 0-5lat, Lalki i Pluszaki czy Zabawki Edukacyjne i Sportowe czy Kreatywne. W ramach tej kategorii dysponujemy danymi bie\u017c\u0105cymi oraz danymi wstecznymi od pocz\u0105tku 2017 roku. Odbiorcami naszych [&hellip;]","og_url":"https:\/\/rmdr.pl\/pl\/research\/","og_site_name":"RMD Research","article_modified_time":"2020-04-13T09:59:48+00:00","twitter_card":"summary_large_image","twitter_misc":{"Szacowany czas czytania":"1 minuta"},"schema":{"@context":"https:\/\/schema.org","@graph":[{"@type":"WebPage","@id":"https:\/\/rmdr.pl\/pl\/research\/","url":"https:\/\/rmdr.pl\/pl\/research\/","name":"Obszary Bada\u0144","isPartOf":{"@id":"https:\/\/rmdr.pl\/#website"},"datePublished":"2019-10-24T22:31:49+00:00","dateModified":"2020-04-13T09:59:48+00:00","breadcrumb":{"@id":"https:\/\/rmdr.pl\/pl\/research\/#breadcrumb"},"inLanguage":"PL","potentialAction":[{"@type":"ReadAction","target":["https:\/\/rmdr.pl\/pl\/research\/"]}]},{"@type":"BreadcrumbList","@id":"https:\/\/rmdr.pl\/pl\/research\/#breadcrumb","itemListElement":[{"@type":"ListItem","position":1,"name":"Home","item":"https:\/\/rmdr.pl\/"},{"@type":"ListItem","position":2,"name":"Obszary Bada\u0144"}]},{"@type":"WebSite","@id":"https:\/\/rmdr.pl\/#website","url":"https:\/\/rmdr.pl\/","name":"RMD Research","description":"Badania rynku","publisher":{"@id":"https:\/\/rmdr.pl\/#organization"},"potentialAction":[{"@type":"SearchAction","target":{"@type":"EntryPoint","urlTemplate":"https:\/\/rmdr.pl\/?s={search_term_string}"},"query-input":{"@type":"PropertyValueSpecification","valueRequired":true,"valueName":"search_term_string"}}],"inLanguage":"PL"},{"@type":"Organization","@id":"https:\/\/rmdr.pl\/#organization","name":"RMD Research","url":"https:\/\/rmdr.pl\/","logo":{"@type":"ImageObject","inLanguage":"PL","@id":"https:\/\/rmdr.pl\/#\/schema\/logo\/image\/","url":"https:\/\/dacka.eu\/wp-content\/uploads\/2019\/10\/logo_full-1.jpg","contentUrl":"https:\/\/dacka.eu\/wp-content\/uploads\/2019\/10\/logo_full-1.jpg","width":400,"height":200,"caption":"RMD Research"},"image":{"@id":"https:\/\/rmdr.pl\/#\/schema\/logo\/image\/"}}]}},"_links":{"self":[{"href":"https:\/\/rmdr.pl\/pl\/wp-json\/wp\/v2\/pages\/53","targetHints":{"allow":["GET"]}}],"collection":[{"href":"https:\/\/rmdr.pl\/pl\/wp-json\/wp\/v2\/pages"}],"about":[{"href":"https:\/\/rmdr.pl\/pl\/wp-json\/wp\/v2\/types\/page"}],"author":[{"embeddable":true,"href":"https:\/\/rmdr.pl\/pl\/wp-json\/wp\/v2\/users\/8"}],"replies":[{"embeddable":true,"href":"https:\/\/rmdr.pl\/pl\/wp-json\/wp\/v2\/comments?post=53"}],"version-history":[{"count":14,"href":"https:\/\/rmdr.pl\/pl\/wp-json\/wp\/v2\/pages\/53\/revisions"}],"predecessor-version":[{"id":484,"href":"https:\/\/rmdr.pl\/pl\/wp-json\/wp\/v2\/pages\/53\/revisions\/484"}],"wp:attachment":[{"href":"https:\/\/rmdr.pl\/pl\/wp-json\/wp\/v2\/media?parent=53"}],"curies":[{"name":"wp","href":"https:\/\/api.w.org\/{rel}","templated":true}]}}