{"id":570,"date":"2020-09-24T10:47:26","date_gmt":"2020-09-24T10:47:26","guid":{"rendered":"https:\/\/amberteam.eu\/pl\/?page_id=570"},"modified":"2020-09-25T09:12:07","modified_gmt":"2020-09-25T09:12:07","slug":"partnerzy","status":"publish","type":"page","link":"https:\/\/rmdr.pl\/pl\/partnerzy\/","title":{"rendered":"Partnerzy"},"content":{"rendered":"\n<div class=\"wp-block-cover alignfull has-background-dim-60 has-rmdr-blue-background-color has-background-dim\" style=\"background-image:url(https:\/\/rmdr.pl\/wp-content\/uploads\/2020\/02\/main_page_3-scaled.jpg);background-position:50% 50%\"><div class=\"wp-block-cover__inner-container is-layout-flow wp-block-cover-is-layout-flow\">\n<h1 class=\"has-text-align-center wp-block-heading\">Nasi Partnerzy<\/h1>\n\n\n\n<p class=\"has-text-align-center\">Wsp\u00f3\u0142pracujemy z czasopismami oraz portalami bran\u017cowymi!<\/p>\n<\/div><\/div>\n\n\n\n<div class=\"wp-block-columns has-2-columns is-layout-flex wp-container-core-columns-is-layout-9d6595d7 wp-block-columns-is-layout-flex\">\n<div class=\"wp-block-column is-layout-flow wp-block-column-is-layout-flow\">\n<figure class=\"wp-block-image size-large\"><img loading=\"lazy\" decoding=\"async\" width=\"160\" height=\"60\" src=\"https:\/\/rmdr.pl\/wp-content\/uploads\/2020\/09\/logo_B2B-KIDS.png\" alt=\"\" class=\"wp-image-567\"\/><\/figure>\n\n\n\n<div class=\"wp-block-image\"><figure class=\"alignleft size-large\"><img loading=\"lazy\" decoding=\"async\" width=\"544\" height=\"144\" src=\"https:\/\/rmdr.pl\/wp-content\/uploads\/2020\/09\/bd_logo_retina.png\" alt=\"\" class=\"wp-image-566\" srcset=\"https:\/\/rmdr.pl\/wp-content\/uploads\/2020\/09\/bd_logo_retina.png 544w, https:\/\/rmdr.pl\/wp-content\/uploads\/2020\/09\/bd_logo_retina-300x79.png 300w\" sizes=\"auto, (max-width: 544px) 100vw, 544px\" \/><\/figure><\/div>\n\n\n\n<figure class=\"wp-block-image size-large\"><img loading=\"lazy\" decoding=\"async\" width=\"350\" height=\"71\" src=\"https:\/\/rmdr.pl\/wp-content\/uploads\/2020\/09\/logo-rynek1.png\" alt=\"\" class=\"wp-image-576\" srcset=\"https:\/\/rmdr.pl\/wp-content\/uploads\/2020\/09\/logo-rynek1.png 350w, https:\/\/rmdr.pl\/wp-content\/uploads\/2020\/09\/logo-rynek1-300x61.png 300w\" sizes=\"auto, (max-width: 350px) 100vw, 350px\" \/><\/figure>\n\n\n\n<figure class=\"wp-block-image size-large\"><img loading=\"lazy\" decoding=\"async\" width=\"300\" height=\"90\" src=\"https:\/\/rmdr.pl\/wp-content\/uploads\/2020\/09\/logo-swiat-zabawek.jpg\" alt=\"\" class=\"wp-image-577\"\/><\/figure>\n<\/div>\n\n\n\n<div class=\"wp-block-column is-layout-flow wp-block-column-is-layout-flow\">\n<p><\/p>\n<\/div>\n<\/div>\n\n\n\n<p><\/p>\n","protected":false},"excerpt":{"rendered":"","protected":false},"author":8,"featured_media":0,"parent":0,"menu_order":0,"comment_status":"closed","ping_status":"closed","template":"","meta":{"footnotes":""},"class_list":["post-570","page","type-page","status-publish","hentry"],"yoast_head":"<!-- This site is optimized with the Yoast SEO plugin v26.1.1 - https:\/\/yoast.com\/wordpress\/plugins\/seo\/ -->\n<title>Partnerzy<\/title>\n<meta name=\"robots\" content=\"index, follow, max-snippet:-1, max-image-preview:large, max-video-preview:-1\" \/>\n<link rel=\"canonical\" href=\"https:\/\/rmdr.pl\/pl\/partnerzy\/\" \/>\n<meta property=\"og:locale\" content=\"pl_PL\" \/>\n<meta property=\"og:locale:alternate\" content=\"en_US\" \/>\n<meta property=\"og:type\" content=\"article\" \/>\n<meta property=\"og:title\" content=\"Partnerzy\" \/>\n<meta property=\"og:url\" content=\"https:\/\/rmdr.pl\/pl\/partnerzy\/\" \/>\n<meta property=\"og:site_name\" content=\"RMD Research\" \/>\n<meta property=\"article:modified_time\" content=\"2020-09-25T09:12:07+00:00\" \/>\n<meta property=\"og:image\" content=\"https:\/\/rmdr.pl\/wp-content\/uploads\/2020\/09\/logo_B2B-KIDS.png\" \/>\n<meta name=\"twitter:card\" content=\"summary_large_image\" \/>\n<script type=\"application\/ld+json\" class=\"yoast-schema-graph\">{\"@context\":\"https:\/\/schema.org\",\"@graph\":[{\"@type\":\"WebPage\",\"@id\":\"https:\/\/rmdr.pl\/partnerzy\/\",\"url\":\"https:\/\/rmdr.pl\/partnerzy\/\",\"name\":\"Partnerzy\",\"isPartOf\":{\"@id\":\"https:\/\/rmdr.pl\/#website\"},\"primaryImageOfPage\":{\"@id\":\"https:\/\/rmdr.pl\/partnerzy\/#primaryimage\"},\"image\":{\"@id\":\"https:\/\/rmdr.pl\/partnerzy\/#primaryimage\"},\"thumbnailUrl\":\"https:\/\/rmdr.pl\/wp-content\/uploads\/2020\/09\/logo_B2B-KIDS.png\",\"datePublished\":\"2020-09-24T10:47:26+00:00\",\"dateModified\":\"2020-09-25T09:12:07+00:00\",\"breadcrumb\":{\"@id\":\"https:\/\/rmdr.pl\/partnerzy\/#breadcrumb\"},\"inLanguage\":\"PL\",\"potentialAction\":[{\"@type\":\"ReadAction\",\"target\":[\"https:\/\/rmdr.pl\/partnerzy\/\"]}]},{\"@type\":\"ImageObject\",\"inLanguage\":\"PL\",\"@id\":\"https:\/\/rmdr.pl\/partnerzy\/#primaryimage\",\"url\":\"https:\/\/rmdr.pl\/wp-content\/uploads\/2020\/09\/logo_B2B-KIDS.png\",\"contentUrl\":\"https:\/\/rmdr.pl\/wp-content\/uploads\/2020\/09\/logo_B2B-KIDS.png\"},{\"@type\":\"BreadcrumbList\",\"@id\":\"https:\/\/rmdr.pl\/partnerzy\/#breadcrumb\",\"itemListElement\":[{\"@type\":\"ListItem\",\"position\":1,\"name\":\"Home\",\"item\":\"https:\/\/rmdr.pl\/\"},{\"@type\":\"ListItem\",\"position\":2,\"name\":\"Partnerzy\"}]},{\"@type\":\"WebSite\",\"@id\":\"https:\/\/rmdr.pl\/#website\",\"url\":\"https:\/\/rmdr.pl\/\",\"name\":\"RMD Research\",\"description\":\"Badania rynku\",\"publisher\":{\"@id\":\"https:\/\/rmdr.pl\/#organization\"},\"potentialAction\":[{\"@type\":\"SearchAction\",\"target\":{\"@type\":\"EntryPoint\",\"urlTemplate\":\"https:\/\/rmdr.pl\/?s={search_term_string}\"},\"query-input\":{\"@type\":\"PropertyValueSpecification\",\"valueRequired\":true,\"valueName\":\"search_term_string\"}}],\"inLanguage\":\"PL\"},{\"@type\":\"Organization\",\"@id\":\"https:\/\/rmdr.pl\/#organization\",\"name\":\"RMD Research\",\"url\":\"https:\/\/rmdr.pl\/\",\"logo\":{\"@type\":\"ImageObject\",\"inLanguage\":\"PL\",\"@id\":\"https:\/\/rmdr.pl\/#\/schema\/logo\/image\/\",\"url\":\"https:\/\/dacka.eu\/wp-content\/uploads\/2019\/10\/logo_full-1.jpg\",\"contentUrl\":\"https:\/\/dacka.eu\/wp-content\/uploads\/2019\/10\/logo_full-1.jpg\",\"width\":400,\"height\":200,\"caption\":\"RMD Research\"},\"image\":{\"@id\":\"https:\/\/rmdr.pl\/#\/schema\/logo\/image\/\"}}]}<\/script>\n<!-- \/ Yoast SEO plugin. -->","yoast_head_json":{"title":"Partnerzy","robots":{"index":"index","follow":"follow","max-snippet":"max-snippet:-1","max-image-preview":"max-image-preview:large","max-video-preview":"max-video-preview:-1"},"canonical":"https:\/\/rmdr.pl\/pl\/partnerzy\/","og_locale":"pl_PL","og_type":"article","og_title":"[:en]Partnerzy[:pl]Partnerzy[:] - RMD Research","og_url":"https:\/\/rmdr.pl\/pl\/partnerzy\/","og_site_name":"RMD Research","article_modified_time":"2020-09-25T09:12:07+00:00","og_image":[{"url":"https:\/\/rmdr.pl\/wp-content\/uploads\/2020\/09\/logo_B2B-KIDS.png","type":"","width":"","height":""}],"twitter_card":"summary_large_image","schema":{"@context":"https:\/\/schema.org","@graph":[{"@type":"WebPage","@id":"https:\/\/rmdr.pl\/partnerzy\/","url":"https:\/\/rmdr.pl\/partnerzy\/","name":"Partnerzy","isPartOf":{"@id":"https:\/\/rmdr.pl\/#website"},"primaryImageOfPage":{"@id":"https:\/\/rmdr.pl\/partnerzy\/#primaryimage"},"image":{"@id":"https:\/\/rmdr.pl\/partnerzy\/#primaryimage"},"thumbnailUrl":"https:\/\/rmdr.pl\/wp-content\/uploads\/2020\/09\/logo_B2B-KIDS.png","datePublished":"2020-09-24T10:47:26+00:00","dateModified":"2020-09-25T09:12:07+00:00","breadcrumb":{"@id":"https:\/\/rmdr.pl\/partnerzy\/#breadcrumb"},"inLanguage":"PL","potentialAction":[{"@type":"ReadAction","target":["https:\/\/rmdr.pl\/partnerzy\/"]}]},{"@type":"ImageObject","inLanguage":"PL","@id":"https:\/\/rmdr.pl\/partnerzy\/#primaryimage","url":"https:\/\/rmdr.pl\/wp-content\/uploads\/2020\/09\/logo_B2B-KIDS.png","contentUrl":"https:\/\/rmdr.pl\/wp-content\/uploads\/2020\/09\/logo_B2B-KIDS.png"},{"@type":"BreadcrumbList","@id":"https:\/\/rmdr.pl\/partnerzy\/#breadcrumb","itemListElement":[{"@type":"ListItem","position":1,"name":"Home","item":"https:\/\/rmdr.pl\/"},{"@type":"ListItem","position":2,"name":"Partnerzy"}]},{"@type":"WebSite","@id":"https:\/\/rmdr.pl\/#website","url":"https:\/\/rmdr.pl\/","name":"RMD Research","description":"Badania rynku","publisher":{"@id":"https:\/\/rmdr.pl\/#organization"},"potentialAction":[{"@type":"SearchAction","target":{"@type":"EntryPoint","urlTemplate":"https:\/\/rmdr.pl\/?s={search_term_string}"},"query-input":{"@type":"PropertyValueSpecification","valueRequired":true,"valueName":"search_term_string"}}],"inLanguage":"PL"},{"@type":"Organization","@id":"https:\/\/rmdr.pl\/#organization","name":"RMD Research","url":"https:\/\/rmdr.pl\/","logo":{"@type":"ImageObject","inLanguage":"PL","@id":"https:\/\/rmdr.pl\/#\/schema\/logo\/image\/","url":"https:\/\/dacka.eu\/wp-content\/uploads\/2019\/10\/logo_full-1.jpg","contentUrl":"https:\/\/dacka.eu\/wp-content\/uploads\/2019\/10\/logo_full-1.jpg","width":400,"height":200,"caption":"RMD Research"},"image":{"@id":"https:\/\/rmdr.pl\/#\/schema\/logo\/image\/"}}]}},"_links":{"self":[{"href":"https:\/\/rmdr.pl\/pl\/wp-json\/wp\/v2\/pages\/570","targetHints":{"allow":["GET"]}}],"collection":[{"href":"https:\/\/rmdr.pl\/pl\/wp-json\/wp\/v2\/pages"}],"about":[{"href":"https:\/\/rmdr.pl\/pl\/wp-json\/wp\/v2\/types\/page"}],"author":[{"embeddable":true,"href":"https:\/\/rmdr.pl\/pl\/wp-json\/wp\/v2\/users\/8"}],"replies":[{"embeddable":true,"href":"https:\/\/rmdr.pl\/pl\/wp-json\/wp\/v2\/comments?post=570"}],"version-history":[{"count":9,"href":"https:\/\/rmdr.pl\/pl\/wp-json\/wp\/v2\/pages\/570\/revisions"}],"predecessor-version":[{"id":590,"href":"https:\/\/rmdr.pl\/pl\/wp-json\/wp\/v2\/pages\/570\/revisions\/590"}],"wp:attachment":[{"href":"https:\/\/rmdr.pl\/pl\/wp-json\/wp\/v2\/media?parent=570"}],"curies":[{"name":"wp","href":"https:\/\/api.w.org\/{rel}","templated":true}]}}