{"id":59,"date":"2019-10-24T22:36:17","date_gmt":"2019-10-24T22:36:17","guid":{"rendered":"https:\/\/amberteam.eu\/?page_id=59"},"modified":"2020-03-31T10:29:16","modified_gmt":"2020-03-31T10:29:16","slug":"analyses","status":"publish","type":"page","link":"https:\/\/rmdr.pl\/pl\/analyses\/","title":{"rendered":"Analizy Specjalne"},"content":{"rendered":"\n<div class=\"wp-block-cover alignfull has-rmdr-blue-background-color has-background-dim\" style=\"background-image:url(https:\/\/rmdr.pl\/wp-content\/uploads\/2019\/11\/frank-busch-PzifgmBsxCc-unsplash-e1573998246382.jpg);background-position:50% 25%\"><div class=\"wp-block-cover__inner-container is-layout-flow wp-block-cover-is-layout-flow\">\n<h1 class=\"has-text-align-center wp-block-heading\">Analizy Specjalne<\/h1>\n<\/div><\/div>\n\n\n\n<p>Poza\nstandardow\u0105 us\u0142ug\u0105 w formie regularnej subskrypcji raport\u00f3w, firma <strong>RMD Research<\/strong> rozwija r\u00f3wnie\u017c specjalne\nprojekty analityczne na bazie uzyskiwanych danych sprzeda\u017cowych. <\/p>\n\n\n\n<p>Wyniki tych analiz s\u0105 praktycznym narz\u0119dziem w pracy dzia\u0142\u00f3w sprzeda\u017cy i marketingu, pomagaj\u0105cym w zarz\u0105dzaniu kategori\u0105, cenami produkt\u00f3w i optymalizacj\u0105 zysk\u00f3w.&nbsp; <\/p>\n\n\n\n<p><a href=\"https:\/\/rmdr.pl\/pl\/contact\/\">Zapraszamy do kontaktu!<\/a><\/p>\n","protected":false},"excerpt":{"rendered":"<p>Poza standardow\u0105 us\u0142ug\u0105 w formie regularnej subskrypcji raport\u00f3w, firma RMD Research rozwija r\u00f3wnie\u017c specjalne projekty analityczne na bazie uzyskiwanych danych sprzeda\u017cowych. Wyniki tych analiz s\u0105 praktycznym narz\u0119dziem w pracy dzia\u0142\u00f3w sprzeda\u017cy i marketingu, pomagaj\u0105cym w zarz\u0105dzaniu kategori\u0105, cenami produkt\u00f3w i optymalizacj\u0105 zysk\u00f3w.&nbsp; Zapraszamy do kontaktu!<\/p>\n","protected":false},"author":8,"featured_media":0,"parent":0,"menu_order":0,"comment_status":"closed","ping_status":"closed","template":"","meta":{"footnotes":""},"class_list":["post-59","page","type-page","status-publish","hentry"],"yoast_head":"<!-- This site is optimized with the Yoast SEO plugin v26.1.1 - https:\/\/yoast.com\/wordpress\/plugins\/seo\/ -->\n<title>Analizy Specjalne<\/title>\n<meta name=\"robots\" content=\"index, follow, max-snippet:-1, max-image-preview:large, max-video-preview:-1\" \/>\n<link rel=\"canonical\" href=\"https:\/\/rmdr.pl\/pl\/analyses\/\" \/>\n<meta property=\"og:locale\" content=\"pl_PL\" \/>\n<meta property=\"og:locale:alternate\" content=\"en_US\" \/>\n<meta property=\"og:type\" content=\"article\" \/>\n<meta property=\"og:title\" content=\"Analizy Specjalne\" \/>\n<meta property=\"og:description\" content=\"Poza standardow\u0105 us\u0142ug\u0105 w formie regularnej subskrypcji raport\u00f3w, firma RMD Research rozwija r\u00f3wnie\u017c specjalne projekty analityczne na bazie uzyskiwanych danych sprzeda\u017cowych. Wyniki tych analiz s\u0105 praktycznym narz\u0119dziem w pracy dzia\u0142\u00f3w sprzeda\u017cy i marketingu, pomagaj\u0105cym w zarz\u0105dzaniu kategori\u0105, cenami produkt\u00f3w i optymalizacj\u0105 zysk\u00f3w.&nbsp; Zapraszamy do kontaktu!\" \/>\n<meta property=\"og:url\" content=\"https:\/\/rmdr.pl\/pl\/analyses\/\" \/>\n<meta property=\"og:site_name\" content=\"RMD Research\" \/>\n<meta property=\"article:modified_time\" content=\"2020-03-31T10:29:16+00:00\" \/>\n<meta name=\"twitter:card\" content=\"summary_large_image\" \/>\n<meta name=\"twitter:label1\" content=\"Szacowany czas czytania\" \/>\n\t<meta name=\"twitter:data1\" content=\"1 minuta\" \/>\n<script type=\"application\/ld+json\" class=\"yoast-schema-graph\">{\"@context\":\"https:\/\/schema.org\",\"@graph\":[{\"@type\":\"WebPage\",\"@id\":\"https:\/\/rmdr.pl\/analyses\/\",\"url\":\"https:\/\/rmdr.pl\/analyses\/\",\"name\":\"Analizy Specjalne\",\"isPartOf\":{\"@id\":\"https:\/\/rmdr.pl\/#website\"},\"datePublished\":\"2019-10-24T22:36:17+00:00\",\"dateModified\":\"2020-03-31T10:29:16+00:00\",\"breadcrumb\":{\"@id\":\"https:\/\/rmdr.pl\/analyses\/#breadcrumb\"},\"inLanguage\":\"PL\",\"potentialAction\":[{\"@type\":\"ReadAction\",\"target\":[\"https:\/\/rmdr.pl\/analyses\/\"]}]},{\"@type\":\"BreadcrumbList\",\"@id\":\"https:\/\/rmdr.pl\/analyses\/#breadcrumb\",\"itemListElement\":[{\"@type\":\"ListItem\",\"position\":1,\"name\":\"Home\",\"item\":\"https:\/\/rmdr.pl\/\"},{\"@type\":\"ListItem\",\"position\":2,\"name\":\"Special Analyses\"}]},{\"@type\":\"WebSite\",\"@id\":\"https:\/\/rmdr.pl\/#website\",\"url\":\"https:\/\/rmdr.pl\/\",\"name\":\"RMD Research\",\"description\":\"Badania rynku\",\"publisher\":{\"@id\":\"https:\/\/rmdr.pl\/#organization\"},\"potentialAction\":[{\"@type\":\"SearchAction\",\"target\":{\"@type\":\"EntryPoint\",\"urlTemplate\":\"https:\/\/rmdr.pl\/?s={search_term_string}\"},\"query-input\":{\"@type\":\"PropertyValueSpecification\",\"valueRequired\":true,\"valueName\":\"search_term_string\"}}],\"inLanguage\":\"PL\"},{\"@type\":\"Organization\",\"@id\":\"https:\/\/rmdr.pl\/#organization\",\"name\":\"RMD Research\",\"url\":\"https:\/\/rmdr.pl\/\",\"logo\":{\"@type\":\"ImageObject\",\"inLanguage\":\"PL\",\"@id\":\"https:\/\/rmdr.pl\/#\/schema\/logo\/image\/\",\"url\":\"https:\/\/dacka.eu\/wp-content\/uploads\/2019\/10\/logo_full-1.jpg\",\"contentUrl\":\"https:\/\/dacka.eu\/wp-content\/uploads\/2019\/10\/logo_full-1.jpg\",\"width\":400,\"height\":200,\"caption\":\"RMD Research\"},\"image\":{\"@id\":\"https:\/\/rmdr.pl\/#\/schema\/logo\/image\/\"}}]}<\/script>\n<!-- \/ Yoast SEO plugin. -->","yoast_head_json":{"title":"Analizy Specjalne","robots":{"index":"index","follow":"follow","max-snippet":"max-snippet:-1","max-image-preview":"max-image-preview:large","max-video-preview":"max-video-preview:-1"},"canonical":"https:\/\/rmdr.pl\/pl\/analyses\/","og_locale":"pl_PL","og_type":"article","og_title":"[:en]Special Analyses[:pl]Analizy Specjalne[:] - RMD Research","og_description":"Poza standardow\u0105 us\u0142ug\u0105 w formie regularnej subskrypcji raport\u00f3w, firma RMD Research rozwija r\u00f3wnie\u017c specjalne projekty analityczne na bazie uzyskiwanych danych sprzeda\u017cowych. Wyniki tych analiz s\u0105 praktycznym narz\u0119dziem w pracy dzia\u0142\u00f3w sprzeda\u017cy i marketingu, pomagaj\u0105cym w zarz\u0105dzaniu kategori\u0105, cenami produkt\u00f3w i optymalizacj\u0105 zysk\u00f3w.&nbsp; Zapraszamy do kontaktu!","og_url":"https:\/\/rmdr.pl\/pl\/analyses\/","og_site_name":"RMD Research","article_modified_time":"2020-03-31T10:29:16+00:00","twitter_card":"summary_large_image","twitter_misc":{"Szacowany czas czytania":"1 minuta"},"schema":{"@context":"https:\/\/schema.org","@graph":[{"@type":"WebPage","@id":"https:\/\/rmdr.pl\/analyses\/","url":"https:\/\/rmdr.pl\/analyses\/","name":"Analizy Specjalne","isPartOf":{"@id":"https:\/\/rmdr.pl\/#website"},"datePublished":"2019-10-24T22:36:17+00:00","dateModified":"2020-03-31T10:29:16+00:00","breadcrumb":{"@id":"https:\/\/rmdr.pl\/analyses\/#breadcrumb"},"inLanguage":"PL","potentialAction":[{"@type":"ReadAction","target":["https:\/\/rmdr.pl\/analyses\/"]}]},{"@type":"BreadcrumbList","@id":"https:\/\/rmdr.pl\/analyses\/#breadcrumb","itemListElement":[{"@type":"ListItem","position":1,"name":"Home","item":"https:\/\/rmdr.pl\/"},{"@type":"ListItem","position":2,"name":"Special Analyses"}]},{"@type":"WebSite","@id":"https:\/\/rmdr.pl\/#website","url":"https:\/\/rmdr.pl\/","name":"RMD Research","description":"Badania rynku","publisher":{"@id":"https:\/\/rmdr.pl\/#organization"},"potentialAction":[{"@type":"SearchAction","target":{"@type":"EntryPoint","urlTemplate":"https:\/\/rmdr.pl\/?s={search_term_string}"},"query-input":{"@type":"PropertyValueSpecification","valueRequired":true,"valueName":"search_term_string"}}],"inLanguage":"PL"},{"@type":"Organization","@id":"https:\/\/rmdr.pl\/#organization","name":"RMD Research","url":"https:\/\/rmdr.pl\/","logo":{"@type":"ImageObject","inLanguage":"PL","@id":"https:\/\/rmdr.pl\/#\/schema\/logo\/image\/","url":"https:\/\/dacka.eu\/wp-content\/uploads\/2019\/10\/logo_full-1.jpg","contentUrl":"https:\/\/dacka.eu\/wp-content\/uploads\/2019\/10\/logo_full-1.jpg","width":400,"height":200,"caption":"RMD Research"},"image":{"@id":"https:\/\/rmdr.pl\/#\/schema\/logo\/image\/"}}]}},"_links":{"self":[{"href":"https:\/\/rmdr.pl\/pl\/wp-json\/wp\/v2\/pages\/59","targetHints":{"allow":["GET"]}}],"collection":[{"href":"https:\/\/rmdr.pl\/pl\/wp-json\/wp\/v2\/pages"}],"about":[{"href":"https:\/\/rmdr.pl\/pl\/wp-json\/wp\/v2\/types\/page"}],"author":[{"embeddable":true,"href":"https:\/\/rmdr.pl\/pl\/wp-json\/wp\/v2\/users\/8"}],"replies":[{"embeddable":true,"href":"https:\/\/rmdr.pl\/pl\/wp-json\/wp\/v2\/comments?post=59"}],"version-history":[{"count":13,"href":"https:\/\/rmdr.pl\/pl\/wp-json\/wp\/v2\/pages\/59\/revisions"}],"predecessor-version":[{"id":476,"href":"https:\/\/rmdr.pl\/pl\/wp-json\/wp\/v2\/pages\/59\/revisions\/476"}],"wp:attachment":[{"href":"https:\/\/rmdr.pl\/pl\/wp-json\/wp\/v2\/media?parent=59"}],"curies":[{"name":"wp","href":"https:\/\/api.w.org\/{rel}","templated":true}]}}