{"id":64,"date":"2019-10-24T22:38:55","date_gmt":"2019-10-24T22:38:55","guid":{"rendered":"https:\/\/amberteam.eu\/?page_id=64"},"modified":"2020-03-30T09:53:52","modified_gmt":"2020-03-30T09:53:52","slug":"price-elasticity","status":"publish","type":"page","link":"https:\/\/rmdr.pl\/pl\/analyses\/price-elasticity\/","title":{"rendered":"Analiza Elastyczno\u015bci Cenowej"},"content":{"rendered":"\n<div class=\"wp-block-cover alignfull has-rmdr-blue-background-color has-background-dim\" style=\"background-image:url(https:\/\/rmdr.pl\/wp-content\/uploads\/2019\/11\/chris-liverani-dBI_My696Rk-unsplash-e1573998216300.jpg);background-position:50% 90%\"><div class=\"wp-block-cover__inner-container is-layout-flow wp-block-cover-is-layout-flow\">\n<h1 class=\"has-text-align-center wp-block-heading\">Analiza Elastyczno\u015bci Cenowej<\/h1>\n<\/div><\/div>\n\n\n\n<p>Analiza Elastyczno\u015bci Cenowej \u2013 na podstawie danych sprzeda\u017cowych analizowany jest wp\u0142yw zmiany ceny detalicznej danego SKU na wielko\u015b\u0107 jego sprzeda\u017cy i wyznaczane s\u0105 wsp\u00f3\u0142czynniki jego elastyczno\u015bci cenowej. <\/p>\n\n\n\n<p>Po wi\u0119cej informacji na temat us\u0142ugi, <a href=\"https:\/\/rmdr.pl\/pl\/contact\/\">zapraszamy do kontaktu!<\/a><\/p>\n","protected":false},"excerpt":{"rendered":"<p>Analiza Elastyczno\u015bci Cenowej \u2013 na podstawie danych sprzeda\u017cowych analizowany jest wp\u0142yw zmiany ceny detalicznej danego SKU na wielko\u015b\u0107 jego sprzeda\u017cy i wyznaczane s\u0105 wsp\u00f3\u0142czynniki jego elastyczno\u015bci cenowej. Po wi\u0119cej informacji na temat us\u0142ugi, zapraszamy do kontaktu!<\/p>\n","protected":false},"author":8,"featured_media":0,"parent":59,"menu_order":0,"comment_status":"closed","ping_status":"closed","template":"","meta":{"footnotes":""},"class_list":["post-64","page","type-page","status-publish","hentry"],"yoast_head":"<!-- This site is optimized with the Yoast SEO plugin v26.1.1 - https:\/\/yoast.com\/wordpress\/plugins\/seo\/ -->\n<title>Analiza Elastyczno\u015bci Cenowej<\/title>\n<meta name=\"robots\" content=\"index, follow, max-snippet:-1, max-image-preview:large, max-video-preview:-1\" \/>\n<link rel=\"canonical\" href=\"https:\/\/rmdr.pl\/pl\/analyses\/price-elasticity\/\" \/>\n<meta property=\"og:locale\" content=\"pl_PL\" \/>\n<meta property=\"og:locale:alternate\" content=\"en_US\" \/>\n<meta property=\"og:type\" content=\"article\" \/>\n<meta property=\"og:title\" content=\"Analiza Elastyczno\u015bci Cenowej\" \/>\n<meta property=\"og:description\" content=\"Analiza Elastyczno\u015bci Cenowej \u2013 na podstawie danych sprzeda\u017cowych analizowany jest wp\u0142yw zmiany ceny detalicznej danego SKU na wielko\u015b\u0107 jego sprzeda\u017cy i wyznaczane s\u0105 wsp\u00f3\u0142czynniki jego elastyczno\u015bci cenowej. Po wi\u0119cej informacji na temat us\u0142ugi, zapraszamy do kontaktu!\" \/>\n<meta property=\"og:url\" content=\"https:\/\/rmdr.pl\/pl\/analyses\/price-elasticity\/\" \/>\n<meta property=\"og:site_name\" content=\"RMD Research\" \/>\n<meta property=\"article:modified_time\" content=\"2020-03-30T09:53:52+00:00\" \/>\n<meta name=\"twitter:card\" content=\"summary_large_image\" \/>\n<script type=\"application\/ld+json\" class=\"yoast-schema-graph\">{\"@context\":\"https:\/\/schema.org\",\"@graph\":[{\"@type\":\"WebPage\",\"@id\":\"https:\/\/rmdr.pl\/analyses\/price-elasticity\/\",\"url\":\"https:\/\/rmdr.pl\/analyses\/price-elasticity\/\",\"name\":\"Analiza Elastyczno\u015bci Cenowej\",\"isPartOf\":{\"@id\":\"https:\/\/rmdr.pl\/#website\"},\"datePublished\":\"2019-10-24T22:38:55+00:00\",\"dateModified\":\"2020-03-30T09:53:52+00:00\",\"breadcrumb\":{\"@id\":\"https:\/\/rmdr.pl\/analyses\/price-elasticity\/#breadcrumb\"},\"inLanguage\":\"PL\",\"potentialAction\":[{\"@type\":\"ReadAction\",\"target\":[\"https:\/\/rmdr.pl\/analyses\/price-elasticity\/\"]}]},{\"@type\":\"BreadcrumbList\",\"@id\":\"https:\/\/rmdr.pl\/analyses\/price-elasticity\/#breadcrumb\",\"itemListElement\":[{\"@type\":\"ListItem\",\"position\":1,\"name\":\"Home\",\"item\":\"https:\/\/rmdr.pl\/\"},{\"@type\":\"ListItem\",\"position\":2,\"name\":\"Special Analyses\",\"item\":\"https:\/\/rmdr.pl\/analyses\/\"},{\"@type\":\"ListItem\",\"position\":3,\"name\":\"Price Elasticity\"}]},{\"@type\":\"WebSite\",\"@id\":\"https:\/\/rmdr.pl\/#website\",\"url\":\"https:\/\/rmdr.pl\/\",\"name\":\"RMD Research\",\"description\":\"Badania rynku\",\"publisher\":{\"@id\":\"https:\/\/rmdr.pl\/#organization\"},\"potentialAction\":[{\"@type\":\"SearchAction\",\"target\":{\"@type\":\"EntryPoint\",\"urlTemplate\":\"https:\/\/rmdr.pl\/?s={search_term_string}\"},\"query-input\":{\"@type\":\"PropertyValueSpecification\",\"valueRequired\":true,\"valueName\":\"search_term_string\"}}],\"inLanguage\":\"PL\"},{\"@type\":\"Organization\",\"@id\":\"https:\/\/rmdr.pl\/#organization\",\"name\":\"RMD Research\",\"url\":\"https:\/\/rmdr.pl\/\",\"logo\":{\"@type\":\"ImageObject\",\"inLanguage\":\"PL\",\"@id\":\"https:\/\/rmdr.pl\/#\/schema\/logo\/image\/\",\"url\":\"https:\/\/dacka.eu\/wp-content\/uploads\/2019\/10\/logo_full-1.jpg\",\"contentUrl\":\"https:\/\/dacka.eu\/wp-content\/uploads\/2019\/10\/logo_full-1.jpg\",\"width\":400,\"height\":200,\"caption\":\"RMD Research\"},\"image\":{\"@id\":\"https:\/\/rmdr.pl\/#\/schema\/logo\/image\/\"}}]}<\/script>\n<!-- \/ Yoast SEO plugin. -->","yoast_head_json":{"title":"Analiza Elastyczno\u015bci Cenowej","robots":{"index":"index","follow":"follow","max-snippet":"max-snippet:-1","max-image-preview":"max-image-preview:large","max-video-preview":"max-video-preview:-1"},"canonical":"https:\/\/rmdr.pl\/pl\/analyses\/price-elasticity\/","og_locale":"pl_PL","og_type":"article","og_title":"[:en]Price Elasticity[:pl]Analiza Elastyczno\u015bci Cenowej[:] - RMD Research","og_description":"Analiza Elastyczno\u015bci Cenowej \u2013 na podstawie danych sprzeda\u017cowych analizowany jest wp\u0142yw zmiany ceny detalicznej danego SKU na wielko\u015b\u0107 jego sprzeda\u017cy i wyznaczane s\u0105 wsp\u00f3\u0142czynniki jego elastyczno\u015bci cenowej. Po wi\u0119cej informacji na temat us\u0142ugi, zapraszamy do kontaktu!","og_url":"https:\/\/rmdr.pl\/pl\/analyses\/price-elasticity\/","og_site_name":"RMD Research","article_modified_time":"2020-03-30T09:53:52+00:00","twitter_card":"summary_large_image","schema":{"@context":"https:\/\/schema.org","@graph":[{"@type":"WebPage","@id":"https:\/\/rmdr.pl\/analyses\/price-elasticity\/","url":"https:\/\/rmdr.pl\/analyses\/price-elasticity\/","name":"Analiza Elastyczno\u015bci Cenowej","isPartOf":{"@id":"https:\/\/rmdr.pl\/#website"},"datePublished":"2019-10-24T22:38:55+00:00","dateModified":"2020-03-30T09:53:52+00:00","breadcrumb":{"@id":"https:\/\/rmdr.pl\/analyses\/price-elasticity\/#breadcrumb"},"inLanguage":"PL","potentialAction":[{"@type":"ReadAction","target":["https:\/\/rmdr.pl\/analyses\/price-elasticity\/"]}]},{"@type":"BreadcrumbList","@id":"https:\/\/rmdr.pl\/analyses\/price-elasticity\/#breadcrumb","itemListElement":[{"@type":"ListItem","position":1,"name":"Home","item":"https:\/\/rmdr.pl\/"},{"@type":"ListItem","position":2,"name":"Special Analyses","item":"https:\/\/rmdr.pl\/analyses\/"},{"@type":"ListItem","position":3,"name":"Price Elasticity"}]},{"@type":"WebSite","@id":"https:\/\/rmdr.pl\/#website","url":"https:\/\/rmdr.pl\/","name":"RMD Research","description":"Badania rynku","publisher":{"@id":"https:\/\/rmdr.pl\/#organization"},"potentialAction":[{"@type":"SearchAction","target":{"@type":"EntryPoint","urlTemplate":"https:\/\/rmdr.pl\/?s={search_term_string}"},"query-input":{"@type":"PropertyValueSpecification","valueRequired":true,"valueName":"search_term_string"}}],"inLanguage":"PL"},{"@type":"Organization","@id":"https:\/\/rmdr.pl\/#organization","name":"RMD Research","url":"https:\/\/rmdr.pl\/","logo":{"@type":"ImageObject","inLanguage":"PL","@id":"https:\/\/rmdr.pl\/#\/schema\/logo\/image\/","url":"https:\/\/dacka.eu\/wp-content\/uploads\/2019\/10\/logo_full-1.jpg","contentUrl":"https:\/\/dacka.eu\/wp-content\/uploads\/2019\/10\/logo_full-1.jpg","width":400,"height":200,"caption":"RMD Research"},"image":{"@id":"https:\/\/rmdr.pl\/#\/schema\/logo\/image\/"}}]}},"_links":{"self":[{"href":"https:\/\/rmdr.pl\/pl\/wp-json\/wp\/v2\/pages\/64","targetHints":{"allow":["GET"]}}],"collection":[{"href":"https:\/\/rmdr.pl\/pl\/wp-json\/wp\/v2\/pages"}],"about":[{"href":"https:\/\/rmdr.pl\/pl\/wp-json\/wp\/v2\/types\/page"}],"author":[{"embeddable":true,"href":"https:\/\/rmdr.pl\/pl\/wp-json\/wp\/v2\/users\/8"}],"replies":[{"embeddable":true,"href":"https:\/\/rmdr.pl\/pl\/wp-json\/wp\/v2\/comments?post=64"}],"version-history":[{"count":11,"href":"https:\/\/rmdr.pl\/pl\/wp-json\/wp\/v2\/pages\/64\/revisions"}],"predecessor-version":[{"id":406,"href":"https:\/\/rmdr.pl\/pl\/wp-json\/wp\/v2\/pages\/64\/revisions\/406"}],"up":[{"embeddable":true,"href":"https:\/\/rmdr.pl\/pl\/wp-json\/wp\/v2\/pages\/59"}],"wp:attachment":[{"href":"https:\/\/rmdr.pl\/pl\/wp-json\/wp\/v2\/media?parent=64"}],"curies":[{"name":"wp","href":"https:\/\/api.w.org\/{rel}","templated":true}]}}